{"id":860,"date":"2025-12-19T10:51:52","date_gmt":"2025-12-19T10:51:52","guid":{"rendered":"https:\/\/cmpx.hu\/gelartorosa\/?post_type=product&#038;p=860"},"modified":"2026-03-16T12:47:48","modified_gmt":"2026-03-16T12:47:48","slug":"gelarto-a-casa-box","status":"publish","type":"product","link":"https:\/\/gelartorosa.com\/en\/product\/gelarto-a-casa-box\/","title":{"rendered":"Gelarto a Casa Box"},"content":{"rendered":"<div class=\"woocommerce-product-details__short-description\">\n<p>H\u0171t\u00e9s n\u00e9lk\u00fcl egy-m\u00e1sf\u00e9l \u00f3r\u00e1t kib\u00edrnak a fagyik, azt k\u00f6vet\u0151en pedig m\u00e9lyh\u0171t\u0151ben t\u00e1roland\u00f3k.<\/p>\n<\/div>","protected":false},"excerpt":{"rendered":"<div class=\"woocommerce-product-details__short-description\">\n<div dir=\"auto\">Ut\u00e1nozhatatlan Gelarto Rosa \u00edzek elvitelre is! Nagym\u00e9ret\u0171 termodobozainkba\u00a0<wbr \/>\u00f6ssze\u00e1ll\u00edthatod saj\u00e1t \u00edzpalett\u00e1d, tele sz\u00ednes, illatos \u00e9s \u00ednycsiklandoz\u00f3 fagylaltjainkb\u00f3l.<\/div>\n<div dir=\"auto\"><\/div>\n<div dir=\"auto\"><\/div>\n<div dir=\"auto\">H\u0171t\u00e9s n\u00e9lk\u00fcl egy-m\u00e1sf\u00e9l \u00f3r\u00e1ig tartj\u00e1k min\u0151s\u00e9g\u00fcket a fagyik, azt k\u00f6vet\u0151en pedig m\u00e9lyh\u0171t\u0151ben t\u00e1roland\u00f3k.<\/div>\n<\/div>","protected":false},"featured_media":861,"comment_status":"closed","ping_status":"closed","template":"","meta":[],"product_brand":[],"product_cat":[18],"product_tag":[],"class_list":{"0":"post-860","1":"product","2":"type-product","3":"status-publish","4":"has-post-thumbnail","6":"product_cat-egyeb","8":"first","9":"instock","10":"shipping-taxable","11":"purchasable","12":"product-type-variable"},"_links":{"self":[{"href":"https:\/\/gelartorosa.com\/en\/wp-json\/wp\/v2\/product\/860","targetHints":{"allow":["GET"]}}],"collection":[{"href":"https:\/\/gelartorosa.com\/en\/wp-json\/wp\/v2\/product"}],"about":[{"href":"https:\/\/gelartorosa.com\/en\/wp-json\/wp\/v2\/types\/product"}],"replies":[{"embeddable":true,"href":"https:\/\/gelartorosa.com\/en\/wp-json\/wp\/v2\/comments?post=860"}],"wp:featuredmedia":[{"embeddable":true,"href":"https:\/\/gelartorosa.com\/en\/wp-json\/wp\/v2\/media\/861"}],"wp:attachment":[{"href":"https:\/\/gelartorosa.com\/en\/wp-json\/wp\/v2\/media?parent=860"}],"wp:term":[{"taxonomy":"product_brand","embeddable":true,"href":"https:\/\/gelartorosa.com\/en\/wp-json\/wp\/v2\/product_brand?post=860"},{"taxonomy":"product_cat","embeddable":true,"href":"https:\/\/gelartorosa.com\/en\/wp-json\/wp\/v2\/product_cat?post=860"},{"taxonomy":"product_tag","embeddable":true,"href":"https:\/\/gelartorosa.com\/en\/wp-json\/wp\/v2\/product_tag?post=860"}],"curies":[{"name":"wp","href":"https:\/\/api.w.org\/{rel}","templated":true}]}}