{"id":738,"date":"2025-12-13T14:49:01","date_gmt":"2025-12-13T14:49:01","guid":{"rendered":"https:\/\/cmpx.hu\/gelartorosa\/?post_type=product&#038;p=738"},"modified":"2026-01-20T12:53:12","modified_gmt":"2026-01-20T12:53:12","slug":"ajandekutalvany","status":"publish","type":"product","link":"https:\/\/gelartorosa.com\/en\/product\/ajandekutalvany\/","title":{"rendered":"Aj\u00e1nd\u00e9kutalv\u00e1ny"},"content":{"rendered":"<p>Give the gift of Gelarto Rosa moments!<\/p>\n<p>Aj\u00e1nd\u00e9kutalv\u00e1nyainkkal \u00f6r\u00f6met szerezhetsz, k\u00f6z\u00f6s egy\u00fctt t\u00f6lt\u00f6tt id\u0151vel \u00e9s k\u00fcl\u00f6nleges, pr\u00e9mium \u00edzeinkkel lepheted meg szeretteidet vagy partnereidet.<\/p>\n<p>R\u00e1ad\u00e1sk\u00e9nt mi pedig aj\u00e1nd\u00e9kba adjuk a felt\u00f6lt\u00f6tt \u00f6sszeg 10 sz\u00e1zal\u00e9k\u00e1t, amit j\u00f3v\u00e1\u00edrunk az aj\u00e1nd\u00e9kk\u00e1rty\u00e1n.<\/p>\n<p>A k\u00e1rtya egyenlege lev\u00e1s\u00e1rolhat\u00f3 r\u00f3zsafagylaltjainkon k\u00edv\u00fcl minden tov\u00e1bbi term\u00e9k\u00fcnkre is a szezon\u00e1lis k\u00edn\u00e1latb\u00f3l- \u00e9vszakt\u00f3l f\u00fcgg\u0151en forr\u00f3 italainkb\u00f3l, shakekb\u0151l, s\u00fctem\u00e9nyekb\u0151l, gofrikb\u00f3l \u00e9s v\u00e1laszthatsz.<\/p>\n<p>Az aktu\u00e1lis egyenlegr\u0151l a fizet\u00e9skor tudunk inform\u00e1ci\u00f3t adni.<\/p>\n<p>A k\u00e1rtya megv\u00e1s\u00e1rl\u00e1sakor egyszeri, 500.-os k\u00e1rtyad\u00edjat sz\u00e1molunk fel, mely visszav\u00e1lthat\u00f3.<\/p>","protected":false},"excerpt":{"rendered":"<p>Give the gift of Gelarto Rosa moments!<\/p>\n<p>Aj\u00e1nd\u00e9kutalv\u00e1nyainkkal \u00f6r\u00f6met szerezhetsz, k\u00f6z\u00f6s egy\u00fctt t\u00f6lt\u00f6tt id\u0151vel \u00e9s k\u00fcl\u00f6nleges, pr\u00e9mium \u00edzeinkkel lepheted meg szeretteidet vagy partnereidet.<\/p>\n<p>R\u00e1ad\u00e1sk\u00e9nt mi pedig aj\u00e1nd\u00e9kba adjuk a felt\u00f6lt\u00f6tt \u00f6sszeg 10 sz\u00e1zal\u00e9k\u00e1t, amit j\u00f3v\u00e1\u00edrunk az aj\u00e1nd\u00e9kk\u00e1rty\u00e1n.<\/p>\n<p>A k\u00e1rtya egyenlege lev\u00e1s\u00e1rolhat\u00f3 r\u00f3zsafagylaltjainkon k\u00edv\u00fcl minden tov\u00e1bbi term\u00e9k\u00fcnkre is a szezon\u00e1lis k\u00edn\u00e1latb\u00f3l- \u00e9vszakt\u00f3l f\u00fcgg\u0151en forr\u00f3 italainkb\u00f3l, shakekb\u0151l, s\u00fctem\u00e9nyekb\u0151l, gofrikb\u00f3l \u00e9s v\u00e1laszthatsz.<\/p>\n<p>Az aktu\u00e1lis egyenlegr\u0151l a fizet\u00e9skor tudunk inform\u00e1ci\u00f3t adni.<\/p>\n<p>A k\u00e1rtya megv\u00e1s\u00e1rl\u00e1sakor egyszeri, 500.-os k\u00e1rtyad\u00edjat sz\u00e1molunk fel, mely visszav\u00e1lthat\u00f3.<\/p>","protected":false},"featured_media":911,"comment_status":"closed","ping_status":"closed","template":"","meta":[],"product_brand":[],"product_cat":[18],"product_tag":[],"class_list":{"0":"post-738","1":"product","2":"type-product","3":"status-publish","4":"has-post-thumbnail","6":"product_cat-egyeb","8":"first","9":"instock","10":"shipping-taxable","11":"purchasable","12":"product-type-variable"},"_links":{"self":[{"href":"https:\/\/gelartorosa.com\/en\/wp-json\/wp\/v2\/product\/738","targetHints":{"allow":["GET"]}}],"collection":[{"href":"https:\/\/gelartorosa.com\/en\/wp-json\/wp\/v2\/product"}],"about":[{"href":"https:\/\/gelartorosa.com\/en\/wp-json\/wp\/v2\/types\/product"}],"replies":[{"embeddable":true,"href":"https:\/\/gelartorosa.com\/en\/wp-json\/wp\/v2\/comments?post=738"}],"wp:featuredmedia":[{"embeddable":true,"href":"https:\/\/gelartorosa.com\/en\/wp-json\/wp\/v2\/media\/911"}],"wp:attachment":[{"href":"https:\/\/gelartorosa.com\/en\/wp-json\/wp\/v2\/media?parent=738"}],"wp:term":[{"taxonomy":"product_brand","embeddable":true,"href":"https:\/\/gelartorosa.com\/en\/wp-json\/wp\/v2\/product_brand?post=738"},{"taxonomy":"product_cat","embeddable":true,"href":"https:\/\/gelartorosa.com\/en\/wp-json\/wp\/v2\/product_cat?post=738"},{"taxonomy":"product_tag","embeddable":true,"href":"https:\/\/gelartorosa.com\/en\/wp-json\/wp\/v2\/product_tag?post=738"}],"curies":[{"name":"wp","href":"https:\/\/api.w.org\/{rel}","templated":true}]}}