{"id":408,"date":"2025-07-30T20:54:41","date_gmt":"2025-07-30T20:54:41","guid":{"rendered":"https:\/\/cmpx.hu\/gelartorosa\/?post_type=product&#038;p=408"},"modified":"2026-02-17T16:30:23","modified_gmt":"2026-02-17T16:30:23","slug":"gelarto-a-casa-deluxe-fagylalt-valogatas-12-izben","status":"publish","type":"product","link":"https:\/\/gelartorosa.com\/en\/product\/gelarto-a-casa-deluxe-fagylalt-valogatas-12-izben\/","title":{"rendered":"Gelarto a Casa"},"content":{"rendered":"<p>Az \u00e9let olyan mint egy doboz Gelarto fagylalt kollekci\u00f3. Deluxe v\u00e1logat\u00e1sunk soksz\u00edn\u0171, v\u00e1ltozatos, k\u00fcl\u00f6nleges illatokkal, sz\u00ednekkel \u00e9s \u00edzekkel teli. Hagyd, hogy mag\u00e1val ragadjon \u00e9s szirmonk\u00e9nt \u00fajabb \u00e9s \u00fajabb \u00edz\u00e9lm\u00e9nnyel gazdagodj.<\/p>\n<p>A legn\u00e9pszer\u0171bb \u00edzeinket v\u00e1logatjuk \u00f6ssze elk\u00fcl\u00f6n\u00edtett gomb\u00f3cokk\u00e9nt a dobozban. Fogyaszthatj\u00e1tok az \u00edzeket k\u00fcl\u00f6n-k\u00fcl\u00f6n, mint egy bonbon vagy felhaszn\u00e1lhatj\u00e1tok k\u00fcl\u00f6nb\u00f6z\u0151 desszertek megkoron\u00e1z\u00e1sak\u00e9nt, de \u00f6ssze\u00e1ll\u00edthatj\u00e1tok a kedvenc fagylaltkelyheteket is bel\u0151l\u00fck, friss gy\u00fcm\u00f6lcs\u00f6kkel t\u00e1lalva. B\u00e1rmelyiket v\u00e1lasztj\u00e1tok, kiv\u00e1l\u00f3 pr\u00e9mium desszertet kaptok!<i><br \/>\n<\/i><\/p>\n<p>A gy\u00fcm\u00f6lcsfagyikat nyugodtan t\u00e1lalj\u00e1tok egy\u00fctt, a tejes alap\u00fa fagyikat is ak\u00e1rmilyen kombin\u00e1ci\u00f3ban aj\u00e1nljuk egy\u00fctt, viszont ha keverni szeretn\u00e9tek a gy\u00fcm\u00f6lcs\u00f6set a tejes alap\u00faval, aj\u00e1nlunk egy p\u00e1r kombin\u00e1ci\u00f3t: eper-bodza \u2013 piszt\u00e1cia; mang\u00f3 \u2013 csokol\u00e1d\u00e9; eper-bodza \u2013 van\u00edlia \u00e9s\/vagy csokol\u00e1d\u00e9; bazsalikomos citrom \u2013 csokol\u00e1d\u00e9.<\/p>\n<p>Az \u00edzek, amiket a dobozban tal\u00e1ltok: eper-bodza sorbet, mang\u00f3 sorbet, bazsalikomos citrom sorbet, csokol\u00e1d\u00e9, van\u00edlia, piszt\u00e1cia, mogyor\u00f3, meggyleves, oreo, levendul\u00e1s feh\u00e9r-csokol\u00e1d\u00e9, s\u00f3s vajkaramell, R\u00e1k\u00f3czi t\u00far\u00f3s.<\/p>","protected":false},"excerpt":{"rendered":"<p>A legn\u00e9pszer\u0171bb \u00edzeinket v\u00e1logatjuk \u00f6ssze elk\u00fcl\u00f6n\u00edtett gomb\u00f3cokk\u00e9nt a dobozban. Fogyaszthatj\u00e1tok az \u00edzeket k\u00fcl\u00f6n-k\u00fcl\u00f6n, mint egy bonbon vagy felhaszn\u00e1lhatj\u00e1tok k\u00fcl\u00f6nb\u00f6z\u0151 desszertek megkoron\u00e1z\u00e1sak\u00e9nt, de \u00f6ssze\u00e1ll\u00edthatj\u00e1tok a kedvenc fagylaltkelyheteket is bel\u0151l\u00fck, friss gy\u00fcm\u00f6lcs\u00f6kkel t\u00e1lalva. B\u00e1rmelyiket v\u00e1lasztj\u00e1tok, kiv\u00e1l\u00f3 pr\u00e9mium desszertet kaptok!<i><br \/>\n<\/i><\/p>","protected":false},"featured_media":789,"comment_status":"closed","ping_status":"closed","template":"","meta":[],"product_brand":[],"product_cat":[18],"product_tag":[],"class_list":{"0":"post-408","1":"product","2":"type-product","3":"status-publish","4":"has-post-thumbnail","6":"product_cat-egyeb","8":"first","9":"instock","10":"shipping-taxable","11":"purchasable","12":"product-type-simple"},"_links":{"self":[{"href":"https:\/\/gelartorosa.com\/en\/wp-json\/wp\/v2\/product\/408","targetHints":{"allow":["GET"]}}],"collection":[{"href":"https:\/\/gelartorosa.com\/en\/wp-json\/wp\/v2\/product"}],"about":[{"href":"https:\/\/gelartorosa.com\/en\/wp-json\/wp\/v2\/types\/product"}],"replies":[{"embeddable":true,"href":"https:\/\/gelartorosa.com\/en\/wp-json\/wp\/v2\/comments?post=408"}],"wp:featuredmedia":[{"embeddable":true,"href":"https:\/\/gelartorosa.com\/en\/wp-json\/wp\/v2\/media\/789"}],"wp:attachment":[{"href":"https:\/\/gelartorosa.com\/en\/wp-json\/wp\/v2\/media?parent=408"}],"wp:term":[{"taxonomy":"product_brand","embeddable":true,"href":"https:\/\/gelartorosa.com\/en\/wp-json\/wp\/v2\/product_brand?post=408"},{"taxonomy":"product_cat","embeddable":true,"href":"https:\/\/gelartorosa.com\/en\/wp-json\/wp\/v2\/product_cat?post=408"},{"taxonomy":"product_tag","embeddable":true,"href":"https:\/\/gelartorosa.com\/en\/wp-json\/wp\/v2\/product_tag?post=408"}],"curies":[{"name":"wp","href":"https:\/\/api.w.org\/{rel}","templated":true}]}}