{"id":362,"date":"2025-07-30T19:21:07","date_gmt":"2025-07-30T19:21:07","guid":{"rendered":"https:\/\/cmpx.hu\/gelartorosa\/?post_type=product&#038;p=362"},"modified":"2026-02-17T16:27:58","modified_gmt":"2026-02-17T16:27:58","slug":"rozsatorta","status":"publish","type":"product","link":"https:\/\/gelartorosa.com\/en\/product\/rozsatorta\/","title":{"rendered":"R\u00f3zsatorta"},"content":{"rendered":"<p>Var\u00e1zsolj gy\u00f6ny\u00f6r\u0171 \u00e9s k\u00fcl\u00f6nleges ehet\u0151 r\u00f3zsa kompoz\u00edci\u00f3t az \u00fcnnepi asztalra!<\/p>\n<p>Leny\u0171g\u00f6z\u0151 r\u00f3zsatort\u00e1inkat az \u00e1ltalad v\u00e1lasztott egyedi sz\u00edn \u00e9s \u00edz kombin\u00e1ci\u00f3ban alkotjuk meg, hogy m\u00e9lt\u00f3 \u00e9s eml\u00e9kezetes pillanatokkal gazdagodjon az \u00fcnnepl\u00e9s, legyen sz\u00f3 esk\u00fcv\u0151r\u0151l, sz\u00fclet\u00e9snapr\u00f3l, g\u00e1lavacsor\u00e1r\u00f3l vagy fogad\u00e1sr\u00f3l.<\/p>\n<p>A fagylalttort\u00e1dat az \u00e1ltalunk megszokott szenved\u00e9llyel, odafigyel\u00e9ssel \u00e9s kreativit\u00e1ssal k\u00e9sz\u00edtj\u00fck el.<\/p>\n<p>Az al\u00e1bbi lehet\u0151s\u00e9gek kiv\u00e1laszt\u00e1s\u00e1val seg\u00edts nek\u00fcnk, hogy \u00e1lmaid r\u00f3zsatort\u00e1ja elk\u00e9sz\u00fclhessen.<\/p>","protected":false},"excerpt":{"rendered":"<p>Var\u00e1zsolj gy\u00f6ny\u00f6r\u0171 \u00e9s k\u00fcl\u00f6nleges ehet\u0151 r\u00f3zsa kompoz\u00edci\u00f3t az \u00fcnnepi asztalra!<\/p>\n<p>Leny\u0171g\u00f6z\u0151 r\u00f3zsatort\u00e1inkat az \u00e1ltalad v\u00e1lasztott egyedi sz\u00edn \u00e9s \u00edz kombin\u00e1ci\u00f3ban alkotjuk meg, hogy m\u00e9lt\u00f3 \u00e9s eml\u00e9kezetes pillanatokkal gazdagodjon az \u00fcnnepl\u00e9s, legyen sz\u00f3 esk\u00fcv\u0151r\u0151l, sz\u00fclet\u00e9snapr\u00f3l, g\u00e1lavacsor\u00e1r\u00f3l vagy fogad\u00e1sr\u00f3l.<\/p>\n<p>A fagylalttort\u00e1dat az \u00e1ltalunk megszokott szenved\u00e9llyel, odafigyel\u00e9ssel \u00e9s kreativit\u00e1ssal k\u00e9sz\u00edtj\u00fck el.<\/p>","protected":false},"featured_media":394,"comment_status":"closed","ping_status":"closed","template":"","meta":[],"product_brand":[],"product_cat":[18],"product_tag":[],"class_list":{"0":"post-362","1":"product","2":"type-product","3":"status-publish","4":"has-post-thumbnail","6":"product_cat-egyeb","8":"first","9":"instock","10":"shipping-taxable","11":"purchasable","12":"product-type-variable"},"_links":{"self":[{"href":"https:\/\/gelartorosa.com\/en\/wp-json\/wp\/v2\/product\/362","targetHints":{"allow":["GET"]}}],"collection":[{"href":"https:\/\/gelartorosa.com\/en\/wp-json\/wp\/v2\/product"}],"about":[{"href":"https:\/\/gelartorosa.com\/en\/wp-json\/wp\/v2\/types\/product"}],"replies":[{"embeddable":true,"href":"https:\/\/gelartorosa.com\/en\/wp-json\/wp\/v2\/comments?post=362"}],"wp:featuredmedia":[{"embeddable":true,"href":"https:\/\/gelartorosa.com\/en\/wp-json\/wp\/v2\/media\/394"}],"wp:attachment":[{"href":"https:\/\/gelartorosa.com\/en\/wp-json\/wp\/v2\/media?parent=362"}],"wp:term":[{"taxonomy":"product_brand","embeddable":true,"href":"https:\/\/gelartorosa.com\/en\/wp-json\/wp\/v2\/product_brand?post=362"},{"taxonomy":"product_cat","embeddable":true,"href":"https:\/\/gelartorosa.com\/en\/wp-json\/wp\/v2\/product_cat?post=362"},{"taxonomy":"product_tag","embeddable":true,"href":"https:\/\/gelartorosa.com\/en\/wp-json\/wp\/v2\/product_tag?post=362"}],"curies":[{"name":"wp","href":"https:\/\/api.w.org\/{rel}","templated":true}]}}