{"id":1020,"date":"2026-03-16T12:51:37","date_gmt":"2026-03-16T12:51:37","guid":{"rendered":"https:\/\/gelartorosa.com\/?post_type=product&#038;p=1020"},"modified":"2026-03-16T13:41:04","modified_gmt":"2026-03-16T13:41:04","slug":"rozsagomb","status":"publish","type":"product","link":"https:\/\/gelartorosa.com\/en\/product\/rozsagomb\/","title":{"rendered":"R\u00f3zsag\u00f6mb"},"content":{"rendered":"","protected":false},"excerpt":{"rendered":"<p>R\u00f3zsafagylaltjainkat mostant\u00f3l b\u00e1rhol \u00e9lvezheted! Egy g\u00f6mbbe z\u00e1rt gy\u00f6ny\u00f6r\u0171 \u00edzvar\u00e1zslat v\u00e1r, nincs m\u00e1s dolgod csak kiv\u00e1lasztani, hogy milyen \u00edzp\u00e1ros\u00edt\u00e1sb\u00f3l form\u00e1zzuk neked szem\u00e9lyre szabott r\u00f3zs\u00e1dat. B\u00e1rmelyiket v\u00e1lasztod, garant\u00e1ljuk, hogy r\u00f3zsag\u00f6mbjeink mindenkit levesznek a l\u00e1bukr\u00f3l.<\/p>\n<p>300gr<\/p>","protected":false},"featured_media":1074,"comment_status":"closed","ping_status":"closed","template":"","meta":[],"product_brand":[],"product_cat":[18],"product_tag":[],"class_list":{"0":"post-1020","1":"product","2":"type-product","3":"status-publish","4":"has-post-thumbnail","6":"product_cat-egyeb","8":"first","9":"instock","10":"shipping-taxable","11":"product-type-variable"},"_links":{"self":[{"href":"https:\/\/gelartorosa.com\/en\/wp-json\/wp\/v2\/product\/1020","targetHints":{"allow":["GET"]}}],"collection":[{"href":"https:\/\/gelartorosa.com\/en\/wp-json\/wp\/v2\/product"}],"about":[{"href":"https:\/\/gelartorosa.com\/en\/wp-json\/wp\/v2\/types\/product"}],"replies":[{"embeddable":true,"href":"https:\/\/gelartorosa.com\/en\/wp-json\/wp\/v2\/comments?post=1020"}],"wp:featuredmedia":[{"embeddable":true,"href":"https:\/\/gelartorosa.com\/en\/wp-json\/wp\/v2\/media\/1074"}],"wp:attachment":[{"href":"https:\/\/gelartorosa.com\/en\/wp-json\/wp\/v2\/media?parent=1020"}],"wp:term":[{"taxonomy":"product_brand","embeddable":true,"href":"https:\/\/gelartorosa.com\/en\/wp-json\/wp\/v2\/product_brand?post=1020"},{"taxonomy":"product_cat","embeddable":true,"href":"https:\/\/gelartorosa.com\/en\/wp-json\/wp\/v2\/product_cat?post=1020"},{"taxonomy":"product_tag","embeddable":true,"href":"https:\/\/gelartorosa.com\/en\/wp-json\/wp\/v2\/product_tag?post=1020"}],"curies":[{"name":"wp","href":"https:\/\/api.w.org\/{rel}","templated":true}]}}