{"id":9,"date":"2025-06-12T09:18:04","date_gmt":"2025-06-12T09:18:04","guid":{"rendered":"https:\/\/cmpx.hu\/gelartorosa\/?page_id=9"},"modified":"2026-01-12T17:06:51","modified_gmt":"2026-01-12T17:06:51","slug":"fooldal","status":"publish","type":"page","link":"https:\/\/gelartorosa.com\/en\/","title":{"rendered":"Home"},"content":{"rendered":"<div class=\"wp-block-cover is-light art-you-can-taste\"><video class=\"wp-block-cover__video-background intrinsic-ignore\" autoplay muted loop playsinline src=\"https:\/\/gelartorosa.com\/wp-content\/uploads\/2025\/12\/Gelarto-x-Sportszelet-Collab-Commercial-2025.mp4\" style=\"object-position:49% 48%\" data-object-fit=\"cover\" data-object-position=\"49% 48%\"><\/video><span aria-hidden=\"true\" class=\"wp-block-cover__background has-background-dim-0 has-background-dim\" style=\"background-color:#FFF\"><\/span><div class=\"wp-block-cover__inner-container is-layout-constrained wp-block-cover-is-layout-constrained\">\n<p class=\"has-text-align-center\">ART<br>YOU<br>CAN<br>TASTE<\/p>\n<\/div><\/div>\n\n\n\n<div class=\"wp-block-columns is-layout-flex wp-container-core-columns-is-layout-9d6595d7 wp-block-columns-is-layout-flex\">\n<div class=\"wp-block-column is-vertically-aligned-center centered-column scroll-in is-layout-flow wp-block-column-is-layout-flow\"><div class=\"wp-block-image\">\n<figure class=\"aligncenter size-full is-resized\"><img decoding=\"async\" src=\"https:\/\/gelartorosa.com\/wp-content\/uploads\/2025\/07\/sziv.svg\" alt=\"\" class=\"wp-image-156\" style=\"width:100px\"\/><\/figure>\n<\/div>\n\n\n<p class=\"has-text-align-center has-x-large-font-size\"><strong>Gelarto Rosa is not just ice cream - it\u2019s a way of life.<\/strong><\/p>\n\n\n\n<p class=\"has-text-align-center has-medium-font-size\">A contemporary, premium lifestyle brand where ice cream becomes a design object, an aesthetic experience you can take with you, show off, or lose yourself in.<\/p>\n\n\n\n<div class=\"wp-block-buttons is-content-justification-center is-layout-flex wp-container-core-buttons-is-layout-16018d1d wp-block-buttons-is-layout-flex\">\n<div class=\"wp-block-button\"><a class=\"wp-block-button__link has-text-align-center wp-element-button\" href=\"https:\/\/gelartorosa.com\/en\/rendeles\/\">ORDER<\/a><\/div>\n<\/div>\n<\/div>\n\n\n\n<div class=\"wp-block-column scroll-in is-layout-flow wp-block-column-is-layout-flow\">\n<figure class=\"wp-block-image size-large\"><img loading=\"lazy\" decoding=\"async\" width=\"819\" height=\"1024\" src=\"https:\/\/gelartorosa.com\/wp-content\/uploads\/2025\/12\/DSC08910-819x1024.jpg\" alt=\"\" class=\"wp-image-769\" style=\"aspect-ratio:3\/4;object-fit:cover\" srcset=\"https:\/\/gelartorosa.com\/wp-content\/uploads\/2025\/12\/DSC08910-819x1024.jpg 819w, https:\/\/gelartorosa.com\/wp-content\/uploads\/2025\/12\/DSC08910-240x300.jpg 240w, https:\/\/gelartorosa.com\/wp-content\/uploads\/2025\/12\/DSC08910-768x960.jpg 768w, https:\/\/gelartorosa.com\/wp-content\/uploads\/2025\/12\/DSC08910-1229x1536.jpg 1229w, https:\/\/gelartorosa.com\/wp-content\/uploads\/2025\/12\/DSC08910-1638x2048.jpg 1638w, https:\/\/gelartorosa.com\/wp-content\/uploads\/2025\/12\/DSC08910-600x750.jpg 600w, https:\/\/gelartorosa.com\/wp-content\/uploads\/2025\/12\/DSC08910.jpg 1920w\" sizes=\"auto, (max-width: 819px) 100vw, 819px\" \/><\/figure>\n<\/div>\n<\/div>\n\n\n\n<div class=\"wp-block-cover scroll-in\"><img loading=\"lazy\" decoding=\"async\" width=\"1920\" height=\"2400\" class=\"wp-block-cover__image-background wp-image-766 size-full\" alt=\"\" src=\"https:\/\/gelartorosa.com\/wp-content\/uploads\/2025\/12\/DSC00279.jpg\" data-object-fit=\"cover\" srcset=\"https:\/\/gelartorosa.com\/wp-content\/uploads\/2025\/12\/DSC00279.jpg 1920w, https:\/\/gelartorosa.com\/wp-content\/uploads\/2025\/12\/DSC00279-240x300.jpg 240w, https:\/\/gelartorosa.com\/wp-content\/uploads\/2025\/12\/DSC00279-819x1024.jpg 819w, https:\/\/gelartorosa.com\/wp-content\/uploads\/2025\/12\/DSC00279-768x960.jpg 768w, https:\/\/gelartorosa.com\/wp-content\/uploads\/2025\/12\/DSC00279-1229x1536.jpg 1229w, https:\/\/gelartorosa.com\/wp-content\/uploads\/2025\/12\/DSC00279-1638x2048.jpg 1638w, https:\/\/gelartorosa.com\/wp-content\/uploads\/2025\/12\/DSC00279-600x750.jpg 600w\" sizes=\"auto, (max-width: 1920px) 100vw, 1920px\" \/><span aria-hidden=\"true\" class=\"wp-block-cover__background has-background-dim-0 has-background-dim\" style=\"background-color:#8a6a53\"><\/span><div class=\"wp-block-cover__inner-container is-layout-constrained wp-block-cover-is-layout-constrained\">\n<p class=\"has-text-align-center has-x-large-font-size\"><strong>Give the gift of Gelarto Rosa moments!<\/strong><\/p>\n\n\n\n<p class=\"has-text-align-center has-medium-font-size\">Surprise your loved ones with the rose ice cream experience!<\/p>\n\n\n\n<div class=\"wp-block-buttons is-content-justification-center is-layout-flex wp-container-core-buttons-is-layout-16018d1d wp-block-buttons-is-layout-flex\">\n<div class=\"wp-block-button\"><a class=\"wp-block-button__link wp-element-button\" href=\"https:\/\/gelartorosa.com\/en\/product\/ajandekutalvany\/\">GIFT<\/a><\/div>\n<\/div>\n\n\n\n<p class=\"has-text-align-center has-large-font-size\"><\/p>\n<\/div><\/div>\n\n\n\n<div class=\"wp-block-columns scroll-in is-layout-flex wp-container-core-columns-is-layout-9d6595d7 wp-block-columns-is-layout-flex\">\n<div class=\"wp-block-column is-vertically-aligned-center centered-column is-layout-flow wp-block-column-is-layout-flow\"><div class=\"wp-block-image\">\n<figure class=\"aligncenter size-full is-resized\"><img decoding=\"async\" src=\"https:\/\/gelartorosa.com\/wp-content\/uploads\/2025\/07\/stars-svgrepo-com.svg\" alt=\"\" class=\"wp-image-202\" style=\"object-fit:cover;width:150px;height:auto\"\/><\/figure>\n<\/div>\n\n\n<p class=\"has-text-align-center has-x-large-font-size\"><strong>Only imagination sets the limits of our selection!<\/strong><\/p>\n\n\n\n<p class=\"has-text-align-center has-medium-font-size\">There\u2019s something magical about waking up in the morning with a new ice cream idea, preparing it by the afternoon, and by evening taking the empty tub out of the display. Our unique rose-shaped ice creams are made exclusively from first-class ingredients. We work with bases cooked on-site \u2014 whether fresh milk or cream bases, or 100% fruit-based vegan sorbets \u2014 and we handle plant-based milks with equal care and expertise.<\/p>\n\n\n\n<div class=\"wp-block-buttons is-content-justification-center is-layout-flex wp-container-core-buttons-is-layout-16018d1d wp-block-buttons-is-layout-flex\">\n<div class=\"wp-block-button\"><a class=\"wp-block-button__link wp-element-button\" href=\"https:\/\/gelartorosa.com\/en\/rolunk\/\">ABOUT US<\/a><\/div>\n<\/div>\n<\/div>\n\n\n\n<div class=\"wp-block-column is-layout-flow wp-block-column-is-layout-flow\">\n<figure class=\"wp-block-image size-large\"><img loading=\"lazy\" decoding=\"async\" width=\"865\" height=\"1024\" src=\"https:\/\/gelartorosa.com\/wp-content\/uploads\/2025\/07\/IMG_0241-865x1024.png\" alt=\"\" class=\"wp-image-297\" srcset=\"https:\/\/gelartorosa.com\/wp-content\/uploads\/2025\/07\/IMG_0241-865x1024.png 865w, https:\/\/gelartorosa.com\/wp-content\/uploads\/2025\/07\/IMG_0241-600x710.png 600w, https:\/\/gelartorosa.com\/wp-content\/uploads\/2025\/07\/IMG_0241-254x300.png 254w, https:\/\/gelartorosa.com\/wp-content\/uploads\/2025\/07\/IMG_0241-768x909.png 768w, https:\/\/gelartorosa.com\/wp-content\/uploads\/2025\/07\/IMG_0241-1298x1536.png 1298w, https:\/\/gelartorosa.com\/wp-content\/uploads\/2025\/07\/IMG_0241.png 1690w\" sizes=\"auto, (max-width: 865px) 100vw, 865px\" \/><\/figure>\n<\/div>\n<\/div>\n\n\n\n<figure class=\"wp-block-gallery has-nested-images columns-5 is-cropped scroll-in home-gallery wp-block-gallery-1 is-layout-flex wp-block-gallery-is-layout-flex\">\n<figure class=\"wp-block-image size-large\"><img loading=\"lazy\" decoding=\"async\" width=\"819\" height=\"1024\" data-id=\"89\" src=\"https:\/\/gelartorosa.com\/wp-content\/uploads\/2025\/07\/DSC00780-819x1024.jpg\" alt=\"\" class=\"wp-image-89\" srcset=\"https:\/\/gelartorosa.com\/wp-content\/uploads\/2025\/07\/DSC00780-819x1024.jpg 819w, https:\/\/gelartorosa.com\/wp-content\/uploads\/2025\/07\/DSC00780-600x750.jpg 600w, https:\/\/gelartorosa.com\/wp-content\/uploads\/2025\/07\/DSC00780-240x300.jpg 240w, https:\/\/gelartorosa.com\/wp-content\/uploads\/2025\/07\/DSC00780-768x960.jpg 768w, https:\/\/gelartorosa.com\/wp-content\/uploads\/2025\/07\/DSC00780-1229x1536.jpg 1229w, https:\/\/gelartorosa.com\/wp-content\/uploads\/2025\/07\/DSC00780-1638x2048.jpg 1638w, https:\/\/gelartorosa.com\/wp-content\/uploads\/2025\/07\/DSC00780.jpg 1920w\" sizes=\"auto, (max-width: 819px) 100vw, 819px\" \/><\/figure>\n\n\n\n<figure class=\"wp-block-image size-large\"><img loading=\"lazy\" decoding=\"async\" width=\"819\" height=\"1024\" data-id=\"806\" src=\"https:\/\/gelartorosa.com\/wp-content\/uploads\/2025\/12\/DSC00630-819x1024.jpg\" alt=\"\" class=\"wp-image-806\" srcset=\"https:\/\/gelartorosa.com\/wp-content\/uploads\/2025\/12\/DSC00630-819x1024.jpg 819w, https:\/\/gelartorosa.com\/wp-content\/uploads\/2025\/12\/DSC00630-240x300.jpg 240w, https:\/\/gelartorosa.com\/wp-content\/uploads\/2025\/12\/DSC00630-768x960.jpg 768w, https:\/\/gelartorosa.com\/wp-content\/uploads\/2025\/12\/DSC00630-1229x1536.jpg 1229w, https:\/\/gelartorosa.com\/wp-content\/uploads\/2025\/12\/DSC00630-1638x2048.jpg 1638w, https:\/\/gelartorosa.com\/wp-content\/uploads\/2025\/12\/DSC00630-600x750.jpg 600w, https:\/\/gelartorosa.com\/wp-content\/uploads\/2025\/12\/DSC00630.jpg 1920w\" sizes=\"auto, (max-width: 819px) 100vw, 819px\" \/><\/figure>\n\n\n\n<figure class=\"wp-block-image size-large\"><img loading=\"lazy\" decoding=\"async\" width=\"750\" height=\"1024\" data-id=\"807\" src=\"https:\/\/gelartorosa.com\/wp-content\/uploads\/2025\/12\/DSC03871-750x1024.jpg\" alt=\"\" class=\"wp-image-807\" srcset=\"https:\/\/gelartorosa.com\/wp-content\/uploads\/2025\/12\/DSC03871-750x1024.jpg 750w, https:\/\/gelartorosa.com\/wp-content\/uploads\/2025\/12\/DSC03871-220x300.jpg 220w, https:\/\/gelartorosa.com\/wp-content\/uploads\/2025\/12\/DSC03871-768x1049.jpg 768w, https:\/\/gelartorosa.com\/wp-content\/uploads\/2025\/12\/DSC03871-1125x1536.jpg 1125w, https:\/\/gelartorosa.com\/wp-content\/uploads\/2025\/12\/DSC03871-1500x2048.jpg 1500w, https:\/\/gelartorosa.com\/wp-content\/uploads\/2025\/12\/DSC03871-600x819.jpg 600w, https:\/\/gelartorosa.com\/wp-content\/uploads\/2025\/12\/DSC03871.jpg 1800w\" sizes=\"auto, (max-width: 750px) 100vw, 750px\" \/><\/figure>\n\n\n\n<figure class=\"wp-block-image size-large\"><img loading=\"lazy\" decoding=\"async\" width=\"683\" height=\"1024\" data-id=\"808\" src=\"https:\/\/gelartorosa.com\/wp-content\/uploads\/2025\/12\/DSC00677-683x1024.jpg\" alt=\"\" class=\"wp-image-808\" srcset=\"https:\/\/gelartorosa.com\/wp-content\/uploads\/2025\/12\/DSC00677-683x1024.jpg 683w, https:\/\/gelartorosa.com\/wp-content\/uploads\/2025\/12\/DSC00677-200x300.jpg 200w, https:\/\/gelartorosa.com\/wp-content\/uploads\/2025\/12\/DSC00677-768x1152.jpg 768w, https:\/\/gelartorosa.com\/wp-content\/uploads\/2025\/12\/DSC00677-1024x1536.jpg 1024w, https:\/\/gelartorosa.com\/wp-content\/uploads\/2025\/12\/DSC00677-600x900.jpg 600w, https:\/\/gelartorosa.com\/wp-content\/uploads\/2025\/12\/DSC00677.jpg 1200w\" sizes=\"auto, (max-width: 683px) 100vw, 683px\" \/><\/figure>\n\n\n\n<figure class=\"wp-block-image size-large\"><img loading=\"lazy\" decoding=\"async\" width=\"768\" height=\"1024\" data-id=\"809\" src=\"https:\/\/gelartorosa.com\/wp-content\/uploads\/2025\/12\/IMG_8041-768x1024.jpg\" alt=\"\" class=\"wp-image-809\" srcset=\"https:\/\/gelartorosa.com\/wp-content\/uploads\/2025\/12\/IMG_8041-768x1024.jpg 768w, https:\/\/gelartorosa.com\/wp-content\/uploads\/2025\/12\/IMG_8041-225x300.jpg 225w, https:\/\/gelartorosa.com\/wp-content\/uploads\/2025\/12\/IMG_8041-1152x1536.jpg 1152w, https:\/\/gelartorosa.com\/wp-content\/uploads\/2025\/12\/IMG_8041-1536x2048.jpg 1536w, https:\/\/gelartorosa.com\/wp-content\/uploads\/2025\/12\/IMG_8041-600x800.jpg 600w, https:\/\/gelartorosa.com\/wp-content\/uploads\/2025\/12\/IMG_8041-scaled.jpg 1920w\" sizes=\"auto, (max-width: 768px) 100vw, 768px\" \/><\/figure>\n<\/figure>\n\n\n\n<div class=\"wp-block-columns scroll-in is-layout-flex wp-container-core-columns-is-layout-9d6595d7 wp-block-columns-is-layout-flex\">\n<div class=\"wp-block-column is-layout-flow wp-block-column-is-layout-flow\">\n<figure class=\"wp-block-image size-large\"><img loading=\"lazy\" decoding=\"async\" width=\"683\" height=\"1024\" src=\"https:\/\/gelartorosa.com\/wp-content\/uploads\/2025\/12\/DSC04084-dolgozz-velunk-683x1024.jpg\" alt=\"\" class=\"wp-image-791\" style=\"aspect-ratio:1;object-fit:cover\" srcset=\"https:\/\/gelartorosa.com\/wp-content\/uploads\/2025\/12\/DSC04084-dolgozz-velunk-683x1024.jpg 683w, https:\/\/gelartorosa.com\/wp-content\/uploads\/2025\/12\/DSC04084-dolgozz-velunk-200x300.jpg 200w, https:\/\/gelartorosa.com\/wp-content\/uploads\/2025\/12\/DSC04084-dolgozz-velunk-768x1152.jpg 768w, https:\/\/gelartorosa.com\/wp-content\/uploads\/2025\/12\/DSC04084-dolgozz-velunk-1024x1536.jpg 1024w, https:\/\/gelartorosa.com\/wp-content\/uploads\/2025\/12\/DSC04084-dolgozz-velunk-1366x2048.jpg 1366w, https:\/\/gelartorosa.com\/wp-content\/uploads\/2025\/12\/DSC04084-dolgozz-velunk-600x900.jpg 600w, https:\/\/gelartorosa.com\/wp-content\/uploads\/2025\/12\/DSC04084-dolgozz-velunk-scaled.jpg 1707w\" sizes=\"auto, (max-width: 683px) 100vw, 683px\" \/><\/figure>\n<\/div>\n\n\n\n<div class=\"wp-block-column is-vertically-aligned-center scroll-in centered-column is-layout-flow wp-block-column-is-layout-flow\"><div class=\"wp-block-image\">\n<figure class=\"aligncenter size-full is-resized\"><img decoding=\"async\" src=\"https:\/\/gelartorosa.com\/wp-content\/uploads\/2025\/09\/team-svgrepo-com.svg\" alt=\"\" class=\"wp-image-512\" style=\"object-fit:cover;width:150px;height:auto\"\/><\/figure>\n<\/div>\n\n\n<p class=\"has-text-align-center has-x-large-font-size\"><strong>Work with us!<\/strong><\/p>\n\n\n\n<p class=\"has-text-align-center has-medium-font-size\">Sok szeretettel v\u00e1runk csapatunkba, ha szeretn\u00e9l a Gelarto Rosa m\u00e1rka csapat\u00e1hoz tartozni!<\/p>\n\n\n\n<div class=\"wp-block-buttons is-content-justification-center is-layout-flex wp-container-core-buttons-is-layout-16018d1d wp-block-buttons-is-layout-flex\">\n<div class=\"wp-block-button\"><a class=\"wp-block-button__link wp-element-button\" href=\"https:\/\/gelartorosa.com\/en\/karrier\/\">Career<\/a><\/div>\n<\/div>\n<\/div>\n<\/div>\n\n\n\n<div class=\"wp-block-columns scroll-in is-layout-flex wp-container-core-columns-is-layout-9d6595d7 wp-block-columns-is-layout-flex\">\n<div class=\"wp-block-column centered-column is-layout-flow wp-block-column-is-layout-flow\"><div class=\"wp-block-image\">\n<figure class=\"aligncenter size-full is-resized\"><img decoding=\"async\" src=\"https:\/\/gelartorosa.com\/wp-content\/uploads\/2025\/07\/franchise-svgrepo-com.svg\" alt=\"\" class=\"wp-image-201\" style=\"object-fit:cover;width:150px;height:auto\"\/><\/figure>\n<\/div>\n\n\n<p class=\"has-text-align-center has-x-large-font-size\"><strong>Visit our shops and experience the Gelarto Rosa lifestyle in person!<\/strong><\/p>\n\n\n\n<p class=\"has-text-align-center has-medium-font-size\">Taste our iconic rose ice cream, immerse yourself in a world of flavors and forms, and take home the aesthetic of the moment.<\/p>\n\n\n\n<div class=\"wp-block-buttons is-content-justification-center is-layout-flex wp-container-core-buttons-is-layout-16018d1d wp-block-buttons-is-layout-flex\">\n<div class=\"wp-block-button\"><a class=\"wp-block-button__link has-text-align-center wp-element-button\" href=\"https:\/\/gelartorosa.com\/en\/kapcsolat\/\">SHOPS<\/a><\/div>\n<\/div>\n<\/div>\n\n\n\n<div class=\"wp-block-column is-layout-flow wp-block-column-is-layout-flow\">\n<figure class=\"wp-block-image size-large\"><img loading=\"lazy\" decoding=\"async\" width=\"760\" height=\"1024\" src=\"https:\/\/gelartorosa.com\/wp-content\/uploads\/2025\/12\/latogass-el-760x1024.jpg\" alt=\"\" class=\"wp-image-792\" style=\"aspect-ratio:3\/4;object-fit:cover\" srcset=\"https:\/\/gelartorosa.com\/wp-content\/uploads\/2025\/12\/latogass-el-760x1024.jpg 760w, https:\/\/gelartorosa.com\/wp-content\/uploads\/2025\/12\/latogass-el-223x300.jpg 223w, https:\/\/gelartorosa.com\/wp-content\/uploads\/2025\/12\/latogass-el-768x1034.jpg 768w, https:\/\/gelartorosa.com\/wp-content\/uploads\/2025\/12\/latogass-el-600x808.jpg 600w, https:\/\/gelartorosa.com\/wp-content\/uploads\/2025\/12\/latogass-el.jpg 1114w\" sizes=\"auto, (max-width: 760px) 100vw, 760px\" \/><\/figure>\n<\/div>\n<\/div>\n\n\n\n<div class=\"wp-block-columns scroll-in is-layout-flex wp-container-core-columns-is-layout-9d6595d7 wp-block-columns-is-layout-flex\">\n<div class=\"wp-block-column is-layout-flow wp-block-column-is-layout-flow\">\n<figure class=\"wp-block-image size-large\"><img loading=\"lazy\" decoding=\"async\" width=\"683\" height=\"1024\" src=\"https:\/\/gelartorosa.com\/wp-content\/uploads\/2025\/12\/ROSA-683x1024.jpg\" alt=\"\" class=\"wp-image-854\" style=\"aspect-ratio:4\/3;object-fit:cover\" srcset=\"https:\/\/gelartorosa.com\/wp-content\/uploads\/2025\/12\/ROSA-683x1024.jpg 683w, https:\/\/gelartorosa.com\/wp-content\/uploads\/2025\/12\/ROSA-200x300.jpg 200w, https:\/\/gelartorosa.com\/wp-content\/uploads\/2025\/12\/ROSA-768x1152.jpg 768w, https:\/\/gelartorosa.com\/wp-content\/uploads\/2025\/12\/ROSA-8x12.jpg 8w, https:\/\/gelartorosa.com\/wp-content\/uploads\/2025\/12\/ROSA-600x900.jpg 600w, https:\/\/gelartorosa.com\/wp-content\/uploads\/2025\/12\/ROSA.jpg 1000w\" sizes=\"auto, (max-width: 683px) 100vw, 683px\" \/><\/figure>\n<\/div>\n\n\n\n<div class=\"wp-block-column store-column is-layout-flow wp-block-column-is-layout-flow\">\n<p class=\"has-text-align-center has-x-large-font-size\"><strong>Gelarto Rosa<\/strong><\/p>\n\n\n\n<p class=\"has-text-align-center\"><strong>1051 Budapest,<\/strong><br><strong>Szent Istv\u00e1n t\u00e9r 3,<\/strong><br><strong>Hungary<\/strong><\/p>\n\n\n\n<p class=\"has-text-align-center\">+ 36 70 383 1071<br>hello@gelartorosa.com<br><\/p>\n<\/div>\n\n\n\n<div class=\"wp-block-column is-vertically-aligned-center is-layout-flow wp-block-column-is-layout-flow\">\n<p class=\"has-text-align-center has-medium-font-size\"><strong>Opening hours<\/strong><\/p>\n\n\n\n<p class=\"has-text-align-center\">Our shop will be closed from January 6, 2026. We\u2019ll be back with your favorite rose ice creams as soon as the first spring sunshine arrives.<\/p>\n<\/div>\n<\/div>\n\n\n\n<div class=\"wp-block-columns scroll-in is-layout-flex wp-container-core-columns-is-layout-9d6595d7 wp-block-columns-is-layout-flex\">\n<div class=\"wp-block-column is-layout-flow wp-block-column-is-layout-flow\">\n<figure class=\"wp-block-image size-large\"><img loading=\"lazy\" decoding=\"async\" width=\"1024\" height=\"683\" src=\"https:\/\/gelartorosa.com\/wp-content\/uploads\/2025\/12\/gelarto-rosa_DSC03849-1024x683.jpg\" alt=\"\" class=\"wp-image-795\" style=\"aspect-ratio:4\/3;object-fit:cover\" srcset=\"https:\/\/gelartorosa.com\/wp-content\/uploads\/2025\/12\/gelarto-rosa_DSC03849-1024x683.jpg 1024w, https:\/\/gelartorosa.com\/wp-content\/uploads\/2025\/12\/gelarto-rosa_DSC03849-300x200.jpg 300w, https:\/\/gelartorosa.com\/wp-content\/uploads\/2025\/12\/gelarto-rosa_DSC03849-768x512.jpg 768w, https:\/\/gelartorosa.com\/wp-content\/uploads\/2025\/12\/gelarto-rosa_DSC03849-1536x1024.jpg 1536w, https:\/\/gelartorosa.com\/wp-content\/uploads\/2025\/12\/gelarto-rosa_DSC03849-2048x1365.jpg 2048w, https:\/\/gelartorosa.com\/wp-content\/uploads\/2025\/12\/gelarto-rosa_DSC03849-600x400.jpg 600w\" sizes=\"auto, (max-width: 1024px) 100vw, 1024px\" \/><\/figure>\n<\/div>\n\n\n\n<div class=\"wp-block-column store-column is-layout-flow wp-block-column-is-layout-flow\">\n<p class=\"has-text-align-center has-x-large-font-size\"><strong>Gelarto Rosa<\/strong><br><strong>Grande<\/strong><\/p>\n\n\n\n<p class=\"has-text-align-center\"><strong>1051 Budapest,<\/strong><br><strong>Hercegpr\u00edm\u00e1s utca 9,<\/strong><br><strong>Hungary<\/strong><\/p>\n\n\n\n<p class=\"has-text-align-center\">+ 36 70 383 1071<br>hello@gelartorosa.com<br><\/p>\n<\/div>\n\n\n\n<div class=\"wp-block-column is-vertically-aligned-center is-layout-flow wp-block-column-is-layout-flow\">\n<p class=\"has-text-align-center has-medium-font-size\"><strong>Opening hours<\/strong><\/p>\n\n\n\n<figure class=\"wp-block-table is-style-stripes\"><table class=\"has-fixed-layout\"><tbody><tr><td>Monday<\/td><td class=\"has-text-align-right\" data-align=\"right\">10:00 &#8211; 21:00<\/td><\/tr><tr><td>Tuesday<\/td><td class=\"has-text-align-right\" data-align=\"right\">10:00 &#8211; 21:00<\/td><\/tr><tr><td>Wednesday<\/td><td class=\"has-text-align-right\" data-align=\"right\">10:00 &#8211; 21:00<\/td><\/tr><tr><td>Thursday<\/td><td class=\"has-text-align-right\" data-align=\"right\">10:00 &#8211; 21:00<\/td><\/tr><tr><td>Friday<\/td><td class=\"has-text-align-right\" data-align=\"right\">10:00 &#8211; 21:00<\/td><\/tr><tr><td>Saturday<\/td><td class=\"has-text-align-right\" data-align=\"right\">10:00 &#8211; 21:00<\/td><\/tr><tr><td>Sunday<\/td><td class=\"has-text-align-right\" data-align=\"right\">10:00 &#8211; 21:00<\/td><\/tr><\/tbody><\/table><\/figure>\n<\/div>\n<\/div>\n\n\n\n<div class=\"wp-block-columns scroll-in is-layout-flex wp-container-core-columns-is-layout-9d6595d7 wp-block-columns-is-layout-flex\">\n<div class=\"wp-block-column is-layout-flow wp-block-column-is-layout-flow\">\n<figure class=\"wp-block-image size-large\"><img loading=\"lazy\" decoding=\"async\" width=\"862\" height=\"1024\" src=\"https:\/\/gelartorosa.com\/wp-content\/uploads\/2025\/07\/DSC03792-862x1024.jpg\" alt=\"\" class=\"wp-image-126\" style=\"aspect-ratio:1;object-fit:cover\" srcset=\"https:\/\/gelartorosa.com\/wp-content\/uploads\/2025\/07\/DSC03792-862x1024.jpg 862w, https:\/\/gelartorosa.com\/wp-content\/uploads\/2025\/07\/DSC03792-600x713.jpg 600w, https:\/\/gelartorosa.com\/wp-content\/uploads\/2025\/07\/DSC03792-252x300.jpg 252w, https:\/\/gelartorosa.com\/wp-content\/uploads\/2025\/07\/DSC03792-768x913.jpg 768w, https:\/\/gelartorosa.com\/wp-content\/uploads\/2025\/07\/DSC03792-1293x1536.jpg 1293w, https:\/\/gelartorosa.com\/wp-content\/uploads\/2025\/07\/DSC03792-1723x2048.jpg 1723w, https:\/\/gelartorosa.com\/wp-content\/uploads\/2025\/07\/DSC03792.jpg 1800w\" sizes=\"auto, (max-width: 862px) 100vw, 862px\" \/><\/figure>\n<\/div>\n\n\n\n<div class=\"wp-block-column is-vertically-aligned-center scroll-in centered-column is-layout-flow wp-block-column-is-layout-flow\"><div class=\"wp-block-image\">\n<figure class=\"aligncenter size-full is-resized\"><img decoding=\"async\" src=\"https:\/\/gelartorosa.com\/wp-content\/uploads\/2025\/09\/mail-heart-svgrepo-com-1.svg\" alt=\"\" class=\"wp-image-509\" style=\"object-fit:cover;width:150px;height:auto\"\/><\/figure>\n<\/div>\n\n\n<p class=\"has-text-align-center has-x-large-font-size\"><strong>Have we caught your interest?<\/strong><\/p>\n\n\n\n<p class=\"has-text-align-center has-medium-font-size\">Get in touch with us!<\/p>\n\n\n\n<div class=\"wp-block-buttons is-content-justification-center is-layout-flex wp-container-core-buttons-is-layout-16018d1d wp-block-buttons-is-layout-flex\">\n<div class=\"wp-block-button\"><a class=\"wp-block-button__link wp-element-button\" href=\"https:\/\/gelartorosa.com\/en\/kapcsolat\/\">CONTACT<\/a><\/div>\n<\/div>\n<\/div>\n<\/div>\n\n\n\n<!-- parallax scroll -->\n<style>\n.wp-block-columns {background: #ffe1c6;}\n.art-you-can-taste{color:white;}\n<\/style>\n\n<script>\ndocument.addEventListener('DOMContentLoaded', () => {\n  const cover = document.querySelector('.art-you-can-taste');\n  if (cover) {\n    \/\/ Apply fixed positioning to the cover\n    Object.assign(cover.style, {\n      position: 'fixed',\n      top: '10vh',\n      left: 0,\n      width: 'calc(100dvw - 3rem)',\n      zIndex: '-1',\n      margin: '0 1rem',\n      background: 'black',\n      transition: 'visibility 0.3s, opacity 0.3s',\n      opacity: '1',\n      visibility: 'visible'\n    });\n\n    \/\/ Spacer keeps layout flow\n    const spacer = document.createElement('div');\n    spacer.style.height = '100dvh';\n    spacer.style.background = 'transparent';\n    spacer.style.zIndex = '999';\n    cover.parentNode.insertBefore(spacer, cover.nextSibling);\n\n    \/\/ Add the gradient strip AFTER the spacer \u2014 scrolls normally\nconst gradient = document.createElement('div');\nObject.assign(gradient.style, {\n  height: '25px',\n  background: \"#ffe1c6\",\n  borderRadius: '25px 25px 0px 0px',\n});\n    cover.parentNode.insertBefore(gradient, spacer.nextSibling);\n\n    \/\/ Scroll listener to hide the cover (only)\n    window.addEventListener('scroll', () => {\n      if (window.scrollY > window.innerHeight) {\n        cover.style.visibility = 'hidden';\n        cover.style.opacity = '0';\n      } else {\n        cover.style.visibility = 'visible';\n        cover.style.opacity = '1';\n      }\n    });\n  }\n});\n<\/script>","protected":false},"excerpt":{"rendered":"<p>A Gelarto Rosa nem csak fagylalt, hanem \u00e9let\u00e9rz\u00e9s. Egy kort\u00e1rs, pr\u00e9mium lifestyle brand, amelyben a fagyi egy design t\u00e1rgy, egy eszt\u00e9tikai \u00e9lm\u00e9ny, amit magaddal vihetsz, megmutathatsz, vagy amiben elmer\u00fclhetsz. K\u00edn\u00e1latunknak csak a k\u00e9pzelet szab hat\u00e1rt! Csod\u00e1s dolog reggel egy \u00faj fagyi \u00f6tlet\u00e9vel fel\u00e9bredni, d\u00e9lut\u00e1nra elk\u00e9sz\u00edteni, este pedig kivenni a pultb\u00f3l annak \u00fcres t\u00e9gely\u00e9t. Egyed\u00fcl\u00e1ll\u00f3 r\u00f3zsafagyijaink [&hellip;]<\/p>\n","protected":false},"author":1,"featured_media":0,"parent":0,"menu_order":0,"comment_status":"closed","ping_status":"closed","template":"","meta":{"footnotes":""},"class_list":["post-9","page","type-page","status-publish","hentry"],"_links":{"self":[{"href":"https:\/\/gelartorosa.com\/en\/wp-json\/wp\/v2\/pages\/9","targetHints":{"allow":["GET"]}}],"collection":[{"href":"https:\/\/gelartorosa.com\/en\/wp-json\/wp\/v2\/pages"}],"about":[{"href":"https:\/\/gelartorosa.com\/en\/wp-json\/wp\/v2\/types\/page"}],"author":[{"embeddable":true,"href":"https:\/\/gelartorosa.com\/en\/wp-json\/wp\/v2\/users\/1"}],"replies":[{"embeddable":true,"href":"https:\/\/gelartorosa.com\/en\/wp-json\/wp\/v2\/comments?post=9"}],"version-history":[{"count":248,"href":"https:\/\/gelartorosa.com\/en\/wp-json\/wp\/v2\/pages\/9\/revisions"}],"predecessor-version":[{"id":992,"href":"https:\/\/gelartorosa.com\/en\/wp-json\/wp\/v2\/pages\/9\/revisions\/992"}],"wp:attachment":[{"href":"https:\/\/gelartorosa.com\/en\/wp-json\/wp\/v2\/media?parent=9"}],"curies":[{"name":"wp","href":"https:\/\/api.w.org\/{rel}","templated":true}]}}