{"id":602,"date":"2025-10-04T14:28:23","date_gmt":"2025-10-04T14:28:23","guid":{"rendered":"https:\/\/cmpx.hu\/gelartorosa\/?page_id=602"},"modified":"2025-10-06T09:23:29","modified_gmt":"2025-10-06T09:23:29","slug":"videooktatas","status":"publish","type":"page","link":"https:\/\/gelartorosa.com\/en\/videooktatas\/","title":{"rendered":"Vide\u00f3oktat\u00e1s"},"content":{"rendered":"<form method=\"post\" class=\"training-login\" action=\"\">\n                <input type=\"text\" name=\"username\" placeholder=\"Felhaszn\u00e1l\u00f3n\u00e9v\" required>\n                <input type=\"password\" name=\"password\" placeholder=\"Jelsz\u00f3\" required>\n                <input type=\"submit\" name=\"trainee_login\" value=\"Bel\u00e9p\u00e9s\">\n            <input type=\"hidden\" name=\"trp-form-language\" value=\"en\"\/><\/form>","protected":false},"excerpt":{"rendered":"","protected":false},"author":1,"featured_media":135,"parent":0,"menu_order":0,"comment_status":"closed","ping_status":"closed","template":"","meta":{"footnotes":""},"class_list":["post-602","page","type-page","status-publish","has-post-thumbnail","hentry"],"_links":{"self":[{"href":"https:\/\/gelartorosa.com\/en\/wp-json\/wp\/v2\/pages\/602","targetHints":{"allow":["GET"]}}],"collection":[{"href":"https:\/\/gelartorosa.com\/en\/wp-json\/wp\/v2\/pages"}],"about":[{"href":"https:\/\/gelartorosa.com\/en\/wp-json\/wp\/v2\/types\/page"}],"author":[{"embeddable":true,"href":"https:\/\/gelartorosa.com\/en\/wp-json\/wp\/v2\/users\/1"}],"replies":[{"embeddable":true,"href":"https:\/\/gelartorosa.com\/en\/wp-json\/wp\/v2\/comments?post=602"}],"version-history":[{"count":3,"href":"https:\/\/gelartorosa.com\/en\/wp-json\/wp\/v2\/pages\/602\/revisions"}],"predecessor-version":[{"id":605,"href":"https:\/\/gelartorosa.com\/en\/wp-json\/wp\/v2\/pages\/602\/revisions\/605"}],"wp:featuredmedia":[{"embeddable":true,"href":"https:\/\/gelartorosa.com\/en\/wp-json\/wp\/v2\/media\/135"}],"wp:attachment":[{"href":"https:\/\/gelartorosa.com\/en\/wp-json\/wp\/v2\/media?parent=602"}],"curies":[{"name":"wp","href":"https:\/\/api.w.org\/{rel}","templated":true}]}}