{"id":17,"date":"2025-06-12T09:21:47","date_gmt":"2025-06-12T09:21:47","guid":{"rendered":"https:\/\/cmpx.hu\/gelartorosa\/?page_id=17"},"modified":"2025-12-19T10:44:52","modified_gmt":"2025-12-19T10:44:52","slug":"kapcsolat","status":"publish","type":"page","link":"https:\/\/gelartorosa.com\/en\/kapcsolat\/","title":{"rendered":"Contact"},"content":{"rendered":"\n<div class=\"wp-block-columns justify-content-center scroll-in is-layout-flex wp-container-core-columns-is-layout-9d6595d7 wp-block-columns-is-layout-flex\">\n<div class=\"wp-block-column justify-content-center contact is-layout-flow wp-block-column-is-layout-flow\" style=\"flex-basis:50%\"><div class=\"wp-block-image\">\n<figure class=\"aligncenter size-full is-resized\"><img decoding=\"async\" src=\"https:\/\/gelartorosa.com\/wp-content\/uploads\/2025\/07\/magnifying-glass-2-svgrepo-com.svg\" alt=\"\" class=\"wp-image-172\" style=\"object-fit:cover;width:150px;height:150px\" title=\"\"\/><\/figure>\n<\/div>\n\n\n<p class=\"has-text-align-center has-large-font-size\"><strong>L\u00e9pj vel\u00fcnk kapcsolatba!<\/strong><\/p>\n\n\n<div id=\"simple-contact-form-wrap\">\r\n\t\t<div id=\"simple-contact-form\" class=\"scf\">\r\n\t\t\t<form action=\"#simple-contact-form-wrap\" method=\"post\">\r\n\t\t\t\t<div class=\"scf-row scf-name\">\r\n\t\t\t\t\t<label for=\"scf_name\">N\u00e9v<\/label>\r\n\t\t\t\t\t<input name=\"scf_name\" id=\"scf_name\" type=\"text\" size=\"33\" maxlength=\"99\" value=\"\" placeholder=\"N\u00e9v\" \/>\r\n\t\t\t\t<\/div>\r\n\t\t\t\t<div class=\"scf-row scf-email\">\r\n\t\t\t\t\t<label for=\"scf_email\">E-mail<\/label>\r\n\t\t\t\t\t<input name=\"scf_email\" id=\"scf_email\" type=\"text\" size=\"33\" maxlength=\"99\" value=\"\" placeholder=\"E-mail\" \/>\r\n\t\t\t\t<\/div>\r\n\t\t<div class=\"scf-row scf-confirm-email\">\r\n\t\t\t<label for=\"scf_confirm_email\">E-mail meger\u0151s\u00edt\u00e9se<\/label>\r\n\t\t\t<input name=\"scf_confirm_email\" id=\"scf_confirm_email\" type=\"text\" size=\"33\" maxlength=\"99\" value=\"\" placeholder=\"E-mail meger\u0151s\u00edt\u00e9se\" \/>\r\n\t\t<\/div>\r\n\t\t\t<div class=\"scf-row scf-website3dhhsy3\">\r\n\t\t\t\t<label for=\"website3dhhsy3\">Leave this field empty<\/label>\r\n\t\t\t\t<input type=\"text\" name=\"website3dhhsy3\" tabindex=\"-1\" autocomplete=\"off\" \/>\r\n\t\t\t<\/div>\r\n\t\t\t\t<div class=\"scf-row scf-message\">\r\n\t\t\t\t\t<label for=\"scf_message\">\u00dczenet<\/label>\r\n\t\t\t\t\t<textarea name=\"scf_message\" id=\"scf_message\" cols=\"33\" rows=\"7\" placeholder=\"\u00dczenet\"><\/textarea>\r\n\t\t\t\t<\/div><div class=\"scf-submit\">\r\n\t\t\t\t\t<input type=\"submit\" id=\"scf-button\" value=\"K\u00fcld\u00e9s\">\r\n\t\t\t\t\t<input type=\"hidden\" id=\"scf-key\" name=\"scf-key\" value=\"process\">\r\n\t\t\t\t\t<input type=\"hidden\" id=\"scf-nonce\" name=\"scf-nonce\" value=\"80fc02fa75\" \/>\r\n\t\t\t\t<\/div>\t<div class=\"scf-confirm-checkbox\">\r\n\t\t<label><input type=\"checkbox\" required> Hozz\u00e1j\u00e1rulok, hogy ez a weboldal t\u00e1rolja az \u00e1ltalam megadott adatokat, hogy v\u00e1laszolni tudjanak a megkeres\u00e9semre. A r\u00e9szletes adatkezel\u00e9si t\u00e1j\u00e9koztat\u00f3t az oldal alj\u00e1ntal\u00e1lja, ahol megtudhatja, hogyan haszn\u00e1ljuk az adatokat.<\/label>\r\n\t<\/div><!-- .scf-confirm-checkbox -->\r\n\t<\/form>\r\n\t\t<\/div>\r\n\t\t<style>.scf-confirm-checkbox { margin-top: 15px; } .scf-website3dhhsy3 { display: none; } #simple-contact-form .scf-row { width: 100%; overflow: hidden; margin: 5px 0; padding: 5px 0; border: 0; } #simple-contact-form .scf-row input { box-sizing: border-box; float: left; clear: none; width: 75%; margin: 0; } #simple-contact-form .scf-row label { box-sizing: border-box; float: left; clear: both; width: 25%; margin-top: 5px; font-size: 90%; } #simple-contact-form .scf-row textarea { box-sizing: border-box; float: left; clear: both; width: 100%; margin-top: 2px; }#simple-contact-form form { max-width: 700px; padding: 5px; } #simple-contact-form .scf-row { width: 100%; overflow: hidden; margin: 5px 0; padding: 5px 0; border: 0; } #simple-contact-form .scf-row input { box-sizing: border-box; float: left; clear: none; width: 75%; margin: 0; } #simple-contact-form .scf-row label { box-sizing: border-box; float: left; clear: both; width: 25%; margin-top: 5px; font-size: 90%; } #simple-contact-form .scf-row textarea { box-sizing: border-box; float: left; clear: both; width: 100%; margin-top: 2px; } #scf_success pre { white-space: pre-wrap; } p.scf_error, p.scf_spam { color: #cc0000; } div.scf-submit { margin-top: 10px; } p.scf_success { color: #669966; } .scf-confirm-checkbox { margin-top: 15px; } .scf-website3dhhsy3 { display: none; }<\/style><div style=\"clear:both\">&nbsp;<\/div><\/div>\n<\/div>\n<\/div>\n\n\n\n<div class=\"wp-block-columns scroll-in is-layout-flex wp-container-core-columns-is-layout-9d6595d7 wp-block-columns-is-layout-flex\" id=\"uzleteink\">\n<div class=\"wp-block-column is-layout-flow wp-block-column-is-layout-flow\">\n<figure class=\"wp-block-image size-full\"><img loading=\"lazy\" decoding=\"async\" width=\"1000\" height=\"1500\" src=\"https:\/\/gelartorosa.com\/wp-content\/uploads\/2025\/12\/ROSA.jpg\" alt=\"\" class=\"wp-image-854\" style=\"aspect-ratio:4\/3;object-fit:cover\" srcset=\"https:\/\/gelartorosa.com\/wp-content\/uploads\/2025\/12\/ROSA.jpg 1000w, https:\/\/gelartorosa.com\/wp-content\/uploads\/2025\/12\/ROSA-200x300.jpg 200w, https:\/\/gelartorosa.com\/wp-content\/uploads\/2025\/12\/ROSA-683x1024.jpg 683w, https:\/\/gelartorosa.com\/wp-content\/uploads\/2025\/12\/ROSA-768x1152.jpg 768w, https:\/\/gelartorosa.com\/wp-content\/uploads\/2025\/12\/ROSA-8x12.jpg 8w, https:\/\/gelartorosa.com\/wp-content\/uploads\/2025\/12\/ROSA-600x900.jpg 600w\" sizes=\"auto, (max-width: 1000px) 100vw, 1000px\" \/><\/figure>\n\n\n\n<p class=\"has-text-align-center margin-0 has-large-font-size\"><strong>Gelarto Rosa<\/strong><\/p>\n\n\n\n<p class=\"has-text-align-center has-medium-font-size\">Szent Istv\u00e1n t\u00e9r 3<br>1051 Budapest<\/p>\n\n\n\n<p class=\"has-text-align-center\">Nyitvatart\u00e1s:<br>11:00 &#8211; 22:00<br>minden nap<\/p>\n\n\n\n    <!-- Leaflet -->\n    <link rel=\"stylesheet\" href=\"https:\/\/unpkg.com\/leaflet@1.9.4\/dist\/leaflet.css\">\n    <script src=\"https:\/\/unpkg.com\/leaflet@1.9.4\/dist\/leaflet.js\"><\/script>\n\n    <style>\n        \/* \ud83c\udfa8 Pastel recoloring *\/\n        #leaflet-map-1018 .leaflet-tile {\n            filter:\n                saturate(120%)\n                contrast(90%)\n                brightness(105%)\n                sepia(35%)\n                hue-rotate(-10deg);\n        }\n\n        \/* \ud83c\udfa8 Color overlay *\/\n        #leaflet-map-1018::after {\n            content: \"\";\n            position: absolute;\n            inset: 0;\n            pointer-events: none;\n            z-index: 400;\n\n            background: linear-gradient(\n                120deg,\n                #ffe1c6 0%,\n                #fff7ae 50%,\n                #ffc6d9 100%\n            );\n\n            mix-blend-mode: multiply;\n            opacity: 0.55;\n        }\n\n        #leaflet-map-1018 {\n            position: relative;\n        }\n\n        \/* \ud83d\udccd Pastel marker *\/\n        .pastel-marker {\n            width: 20px;\n            height: 20px;\n            background: radial-gradient(\n                circle,\n                #fff7ae 30%,\n                #ffc6d9 60%,\n                #ffe1c6 100%\n            );\n            border-radius: 50%;\n            border: 2px solid #ffc6d9;\n            box-shadow: 0 0 0 4px rgba(255, 198, 217, 0.35);\n        }\n    <\/style>\n\n    <div\n        id=\"leaflet-map-1018\"\n        style=\"width:100%; height:400px;\">\n    <\/div>\n\n    <script>\n    document.addEventListener(\"DOMContentLoaded\", function () {\n\n        const lat = 47.50035126076733;\n        const lng = 19.053033361761;\n\n        const map = L.map('leaflet-map-1018')\n            .setView([lat, lng], 15);\n\n        L.tileLayer('https:\/\/{s}.tile.openstreetmap.org\/{z}\/{x}\/{y}.png', {\n            attribution: '\u00a9 OpenStreetMap'\n        }).addTo(map);\n\n        \/\/ \ud83d\udccd Marker exactly at the coordinate\n        L.marker([lat, lng], {\n            icon: L.divIcon({\n                className: '',\n                html: '<div class=\"pastel-marker\"><\/div>',\n                iconSize: [20, 20],\n                iconAnchor: [10, 10]\n            })\n        }).addTo(map);\n\n    });\n    <\/script>\n\n    \n<\/div>\n\n\n\n<div class=\"wp-block-column is-layout-flow wp-block-column-is-layout-flow\">\n<figure class=\"wp-block-image size-full\"><img loading=\"lazy\" decoding=\"async\" width=\"2250\" height=\"1500\" src=\"https:\/\/gelartorosa.com\/wp-content\/uploads\/2025\/12\/gelarto-rosa_DSC03849.jpg\" alt=\"\" class=\"wp-image-795\" style=\"aspect-ratio:4\/3;object-fit:cover\" srcset=\"https:\/\/gelartorosa.com\/wp-content\/uploads\/2025\/12\/gelarto-rosa_DSC03849.jpg 2250w, https:\/\/gelartorosa.com\/wp-content\/uploads\/2025\/12\/gelarto-rosa_DSC03849-300x200.jpg 300w, https:\/\/gelartorosa.com\/wp-content\/uploads\/2025\/12\/gelarto-rosa_DSC03849-1024x683.jpg 1024w, https:\/\/gelartorosa.com\/wp-content\/uploads\/2025\/12\/gelarto-rosa_DSC03849-768x512.jpg 768w, https:\/\/gelartorosa.com\/wp-content\/uploads\/2025\/12\/gelarto-rosa_DSC03849-1536x1024.jpg 1536w, https:\/\/gelartorosa.com\/wp-content\/uploads\/2025\/12\/gelarto-rosa_DSC03849-2048x1365.jpg 2048w, https:\/\/gelartorosa.com\/wp-content\/uploads\/2025\/12\/gelarto-rosa_DSC03849-600x400.jpg 600w\" sizes=\"auto, (max-width: 2250px) 100vw, 2250px\" \/><\/figure>\n\n\n\n<p class=\"has-text-align-center margin-0 has-large-font-size\"><strong>Gelarto Rosa Grande<\/strong><\/p>\n\n\n\n<p class=\"has-text-align-center has-medium-font-size\">Hercegpr\u00edm\u00e1s u. 9<br>1051 Budapest<\/p>\n\n\n\n<p class=\"has-text-align-center\">Nyitvatart\u00e1s:<br>10:00 &#8211; 21:00<br>minden nap<\/p>\n\n\n\n    <!-- Leaflet -->\n    <link rel=\"stylesheet\" href=\"https:\/\/unpkg.com\/leaflet@1.9.4\/dist\/leaflet.css\">\n    <script src=\"https:\/\/unpkg.com\/leaflet@1.9.4\/dist\/leaflet.js\"><\/script>\n\n    <style>\n        \/* \ud83c\udfa8 Pastel recoloring *\/\n        #leaflet-map-7658 .leaflet-tile {\n            filter:\n                saturate(120%)\n                contrast(90%)\n                brightness(105%)\n                sepia(35%)\n                hue-rotate(-10deg);\n        }\n\n        \/* \ud83c\udfa8 Color overlay *\/\n        #leaflet-map-7658::after {\n            content: \"\";\n            position: absolute;\n            inset: 0;\n            pointer-events: none;\n            z-index: 400;\n\n            background: linear-gradient(\n                120deg,\n                #ffe1c6 0%,\n                #fff7ae 50%,\n                #ffc6d9 100%\n            );\n\n            mix-blend-mode: multiply;\n            opacity: 0.55;\n        }\n\n        #leaflet-map-7658 {\n            position: relative;\n        }\n\n        \/* \ud83d\udccd Pastel marker *\/\n        .pastel-marker {\n            width: 20px;\n            height: 20px;\n            background: radial-gradient(\n                circle,\n                #fff7ae 30%,\n                #ffc6d9 60%,\n                #ffe1c6 100%\n            );\n            border-radius: 50%;\n            border: 2px solid #ffc6d9;\n            box-shadow: 0 0 0 4px rgba(255, 198, 217, 0.35);\n        }\n    <\/style>\n\n    <div\n        id=\"leaflet-map-7658\"\n        style=\"width:100%; height:400px;\">\n    <\/div>\n\n    <script>\n    document.addEventListener(\"DOMContentLoaded\", function () {\n\n        const lat = 47.50158184741614;\n        const lng = 19.053197081126395;\n\n        const map = L.map('leaflet-map-7658')\n            .setView([lat, lng], 15);\n\n        L.tileLayer('https:\/\/{s}.tile.openstreetmap.org\/{z}\/{x}\/{y}.png', {\n            attribution: '\u00a9 OpenStreetMap'\n        }).addTo(map);\n\n        \/\/ \ud83d\udccd Marker exactly at the coordinate\n        L.marker([lat, lng], {\n            icon: L.divIcon({\n                className: '',\n                html: '<div class=\"pastel-marker\"><\/div>',\n                iconSize: [20, 20],\n                iconAnchor: [10, 10]\n            })\n        }).addTo(map);\n\n    });\n    <\/script>\n\n    \n<\/div>\n\n\n\n<div class=\"wp-block-column is-layout-flow wp-block-column-is-layout-flow\">\n<figure class=\"wp-block-image size-large\"><img loading=\"lazy\" decoding=\"async\" width=\"1024\" height=\"774\" src=\"https:\/\/gelartorosa.com\/wp-content\/uploads\/2025\/11\/unnamed1-1024x774.jpg\" alt=\"\" class=\"wp-image-646\" style=\"aspect-ratio:4\/3;object-fit:cover\" srcset=\"https:\/\/gelartorosa.com\/wp-content\/uploads\/2025\/11\/unnamed1-1024x774.jpg 1024w, https:\/\/gelartorosa.com\/wp-content\/uploads\/2025\/11\/unnamed1-300x227.jpg 300w, https:\/\/gelartorosa.com\/wp-content\/uploads\/2025\/11\/unnamed1-768x580.jpg 768w, https:\/\/gelartorosa.com\/wp-content\/uploads\/2025\/11\/unnamed1-600x453.jpg 600w, https:\/\/gelartorosa.com\/wp-content\/uploads\/2025\/11\/unnamed1.jpg 1350w\" sizes=\"auto, (max-width: 1024px) 100vw, 1024px\" \/><\/figure>\n\n\n\n<p class=\"has-text-align-center margin-0 has-large-font-size\"><strong>Gelarto Rosa Kuwait<\/strong><\/p>\n\n\n\n<p class=\"has-text-align-center has-medium-font-size\"><br>Kuwait City<\/p>\n\n\n\n<p class=\"has-text-align-center\">Nyitvatart\u00e1s:<br>10:00 &#8211; 23:00<br>minden nap<\/p>\n\n\n\n    <!-- Leaflet -->\n    <link rel=\"stylesheet\" href=\"https:\/\/unpkg.com\/leaflet@1.9.4\/dist\/leaflet.css\">\n    <script src=\"https:\/\/unpkg.com\/leaflet@1.9.4\/dist\/leaflet.js\"><\/script>\n\n    <style>\n        \/* \ud83c\udfa8 Pastel recoloring *\/\n        #leaflet-map-3805 .leaflet-tile {\n            filter:\n                saturate(120%)\n                contrast(90%)\n                brightness(105%)\n                sepia(35%)\n                hue-rotate(-10deg);\n        }\n\n        \/* \ud83c\udfa8 Color overlay *\/\n        #leaflet-map-3805::after {\n            content: \"\";\n            position: absolute;\n            inset: 0;\n            pointer-events: none;\n            z-index: 400;\n\n            background: linear-gradient(\n                120deg,\n                #ffe1c6 0%,\n                #fff7ae 50%,\n                #ffc6d9 100%\n            );\n\n            mix-blend-mode: multiply;\n            opacity: 0.55;\n        }\n\n        #leaflet-map-3805 {\n            position: relative;\n        }\n\n        \/* \ud83d\udccd Pastel marker *\/\n        .pastel-marker {\n            width: 20px;\n            height: 20px;\n            background: radial-gradient(\n                circle,\n                #fff7ae 30%,\n                #ffc6d9 60%,\n                #ffe1c6 100%\n            );\n            border-radius: 50%;\n            border: 2px solid #ffc6d9;\n            box-shadow: 0 0 0 4px rgba(255, 198, 217, 0.35);\n        }\n    <\/style>\n\n    <div\n        id=\"leaflet-map-3805\"\n        style=\"width:100%; height:400px;\">\n    <\/div>\n\n    <script>\n    document.addEventListener(\"DOMContentLoaded\", function () {\n\n        const lat = 29.378945920001534;\n        const lng = 47.97654742998814;\n\n        const map = L.map('leaflet-map-3805')\n            .setView([lat, lng], 10);\n\n        L.tileLayer('https:\/\/{s}.tile.openstreetmap.org\/{z}\/{x}\/{y}.png', {\n            attribution: '\u00a9 OpenStreetMap'\n        }).addTo(map);\n\n        \/\/ \ud83d\udccd Marker exactly at the coordinate\n        L.marker([lat, lng], {\n            icon: L.divIcon({\n                className: '',\n                html: '<div class=\"pastel-marker\"><\/div>',\n                iconSize: [20, 20],\n                iconAnchor: [10, 10]\n            })\n        }).addTo(map);\n\n    });\n    <\/script>\n\n    \n<\/div>\n<\/div>\n","protected":false},"excerpt":{"rendered":"<p>L\u00e9pj vel\u00fcnk kapcsolatba! Gelarto Rosa Szent Istv\u00e1n t\u00e9r 31051 Budapest Nyitvatart\u00e1s:11:00 &#8211; 22:00minden nap Gelarto Rosa Grande Hercegpr\u00edm\u00e1s u. 91051 Budapest Nyitvatart\u00e1s:10:00 &#8211; 21:00minden nap Gelarto Rosa Kuwait Kuwait City Nyitvatart\u00e1s:10:00 &#8211; 23:00minden nap<\/p>","protected":false},"author":1,"featured_media":136,"parent":0,"menu_order":0,"comment_status":"closed","ping_status":"closed","template":"","meta":{"footnotes":""},"class_list":["post-17","page","type-page","status-publish","has-post-thumbnail","hentry"],"_links":{"self":[{"href":"https:\/\/gelartorosa.com\/en\/wp-json\/wp\/v2\/pages\/17","targetHints":{"allow":["GET"]}}],"collection":[{"href":"https:\/\/gelartorosa.com\/en\/wp-json\/wp\/v2\/pages"}],"about":[{"href":"https:\/\/gelartorosa.com\/en\/wp-json\/wp\/v2\/types\/page"}],"author":[{"embeddable":true,"href":"https:\/\/gelartorosa.com\/en\/wp-json\/wp\/v2\/users\/1"}],"replies":[{"embeddable":true,"href":"https:\/\/gelartorosa.com\/en\/wp-json\/wp\/v2\/comments?post=17"}],"version-history":[{"count":28,"href":"https:\/\/gelartorosa.com\/en\/wp-json\/wp\/v2\/pages\/17\/revisions"}],"predecessor-version":[{"id":859,"href":"https:\/\/gelartorosa.com\/en\/wp-json\/wp\/v2\/pages\/17\/revisions\/859"}],"wp:featuredmedia":[{"embeddable":true,"href":"https:\/\/gelartorosa.com\/en\/wp-json\/wp\/v2\/media\/136"}],"wp:attachment":[{"href":"https:\/\/gelartorosa.com\/en\/wp-json\/wp\/v2\/media?parent=17"}],"curies":[{"name":"wp","href":"https:\/\/api.w.org\/{rel}","templated":true}]}}