{"id":15,"date":"2025-06-12T09:21:41","date_gmt":"2025-06-12T09:21:41","guid":{"rendered":"https:\/\/cmpx.hu\/gelartorosa\/?page_id=15"},"modified":"2026-04-22T07:52:44","modified_gmt":"2026-04-22T07:52:44","slug":"franchise","status":"publish","type":"page","link":"https:\/\/gelartorosa.com\/en\/franchise\/","title":{"rendered":"Franchise"},"content":{"rendered":"<p>K\u00f6sz\u00f6nj\u00fck, hogy \u00e9rdekl\u0151dsz a Gelarto Rosa franchise \u00fczlet megnyit\u00e1sa ir\u00e1nt!<\/p>\n\n\n\n<p>A Gelarto Rosa egy esszencia, melyben a magas min\u0151s\u00e9g, profizmussal, \u00e9rt\u00e9kteremt\u00e9ssel \u00e9s egy csipetnyi var\u00e1zslattal keveredik \u00e9s kel \u00e9letre az illatos, \u00e9des r\u00f3zs\u00e1k \u00e1ltal. M\u00e1rk\u00e1nk kiv\u00e9teles franchise lehet\u0151s\u00e9get k\u00edn\u00e1l, egyedi aj\u00e1nlatunk \u00e9s er\u0151s v\u00e1s\u00e1rl\u00f3i kereslet\u00fcnk a garancia egy nyeres\u00e9ges \u00fczlet megalapoz\u00e1s\u00e1ra.<\/p>\n\n\n\n<p>A Gelarto Rosa egy 20 \u00e9ves m\u00faltra \u00e9s hagyom\u00e1nyokra \u00e9p\u00fcl\u0151 innovat\u00edv gourmet m\u00e1rka \u00e9s a k\u00f6vetkez\u0151 l\u00e9p\u00e9sekben m\u00e1r neked is r\u00e9szed lehet!<br>Keress\u00fck megb\u00edzhat\u00f3, elk\u00f6telezett nemzetk\u00f6zi franchise partnereinket, hogy a vil\u00e1g egyre t\u00f6bb pontj\u00e1n \u00f6r\u00f6met szerezz\u00fcnk csod\u00e1s r\u00f3zsafagylaltjainkkal.<\/p>\n\n\n\n<p>Nemzetk\u00f6zi t\u00f6rt\u00e9net\u00fcnk 2017-ben indult, Doh\u00e1ban, Katarban ny\u00edlt meg az els\u0151 nemzetk\u00f6zi Gelarto Rosa \u00fczlet, majd ezt k\u00f6vette 2018 m\u00e1rcius\u00e1ban a barcelonai. B\u00fcszk\u00e9k vagyunk r\u00e1, hogy a 2022-es els\u0151 \u00fczlet megnyit\u00e1sa ut\u00e1n Kuvaitban, 2023 m\u00e1jus\u00e1ban \u00fajabb kuvaiti helysz\u00ednnel b\u0151v\u00fclt nemzetk\u00f6zi \u00fczleth\u00e1l\u00f3zatunk.<\/p>\n\n\n\n<p>A Gelarto Rosa 2005-ben sz\u00fcletett meg, amikor alap\u00edt\u00f3nk, Sz\u00f6kr\u00f6n Niki megnyitotta az els\u0151 \u00fczletet Budapesten. A v\u00e1llalkoz\u00e1s m\u00f6g\u00f6tti koncepci\u00f3 a kezdetek \u00f3ta v\u00e1ltozatlan, a legkiv\u00e1l\u00f3bb min\u0151s\u00e9g\u0171, k\u00e9zm\u0171ves fagylaltot k\u00edn\u00e1ljuk, pr\u00e9mium alapanyagok felhaszn\u00e1l\u00e1s\u00e1val, egyed\u00fcl\u00e1ll\u00f3 v\u00e1s\u00e1rl\u00f3i \u00e9lm\u00e9nnyel, k\u00fcl\u00f6nleges \u00e9s izgalmas hangulat\u00fa fagylaltoz\u00f3kban. A m\u0171v\u00e9szet \u00e9pp\u00fagy r\u00e9sze a v\u00e1llalkoz\u00e1sunknak, mint a trend dikt\u00e1l\u00e1s. Minden Gelarto Rosa \u00edz egyedis\u00e9get, kreativit\u00e1st \u00e9s izgalmas harm\u00f3ni\u00e1t t\u00fckr\u00f6z, sok esetben elind\u00edtva egy-egy \u00edz divathull\u00e1m\u00e1t. Ha csatlakozol hozz\u00e1nk ennek is r\u00e9szese lehetsz, sz\u00e1mtalan \u00faj \u00edzkre\u00e1ci\u00f3 indul\u00e1s\u00e1nak k\u00f6zvet\u00edt\u0151jek\u00e9nt.<\/p>\n\n\n\n<p>Kezdetben 2 dolgoz\u00f3nk volt \u00e9s napi 200 v\u00e1s\u00e1rl\u00f3t szolg\u00e1ltunk ki. Az ezt k\u00f6vet\u0151 12 \u00e9vben Niki elhivatotts\u00e1ga \u00e9s szenved\u00e9lye sikeres v\u00e1llalkoz\u00e1ss\u00e1 form\u00e1lta a c\u00e9get, amely t\u00f6bb mint 20 munkav\u00e1llal\u00f3t foglalkoztat, \u00e9s ak\u00e1r napi 2000 v\u00e1s\u00e1rl\u00f3t is kiszolg\u00e1l&#8230;<\/p>\n\n\n\n<p><br><br>A franchise d\u00edjakr\u00f3l, indul\u00e1si k\u00f6lts\u00e9gekr\u0151l \u00e9s tov\u00e1bbi r\u00e9szletekr\u0151l csak titoktart\u00e1si meg\u00e1llapod\u00e1s (NDA) al\u00e1\u00edr\u00e1sa ut\u00e1n tudunk b\u0151vebb inform\u00e1ci\u00f3t megosztani. Azonban az al\u00e1bbi <strong>n\u00e9gy kulcskrit\u00e9riumnak<\/strong> mindenk\u00e9pp teljes\u00fclnie kell ahhoz, hogy az egy\u00fcttm\u0171k\u00f6d\u00e9s\u00fcnk elindulhasson:<\/p>\n\n\n\n<ol class=\"wp-block-list\">\n<li><strong>Befektet\u00e9si <\/strong><strong>t\u0151ke<\/strong> \u2013 Az indul\u00f3 k\u00f6lts\u00e9gek magasak, bele\u00e9rtve a franchise d\u00edjakat, berendez\u00e9sek k\u00f6lts\u00e9geit, ingatlanb\u00e9rleti d\u00edjakat, bels\u0151\u00e9p\u00edt\u00e9szeti munk\u00e1kat, h\u00e1rom h\u00f3napnyi indul\u00f3 k\u00e9szletet \u00e9s legal\u00e1bb h\u00e1rom h\u00f3napnyi munkab\u00e9rt. (Az indul\u00f3 t\u0151ke minimum 350,000 \u2013 500,000 eur\u00f3, a helysz\u00ednt\u0151l \u00e9s az \u00fczlet m\u00e9ret\u00e9t\u0151l f\u00fcgg\u0151en.)<br><\/li>\n\n\n\n<li><strong>V\u00e1s\u00e1rl\u00f3i <\/strong><strong>kereslet<\/strong> \u2013 Napi \u00e1tlag minimum 300 c\u00e9lzott v\u00e1s\u00e1rl\u00f3 (kb. 110,000 \u00e9vente).<br><\/li>\n\n\n\n<li><strong>Kiemelt <\/strong><strong>piac<\/strong> \u2013 Fizet\u0151k\u00e9pes c\u00e9lcsoport sz\u00fcks\u00e9ges, mivel a term\u00e9keink pr\u00e9mium \u00e1rfekv\u00e9s\u0171ek. V\u00e1s\u00e1rl\u00f3inknak hajland\u00f3nak kell lennie pr\u00e9mium \u00e1rakat fizetni a pr\u00e9mium term\u00e9kek\u00e9rt (pl. 4,50 \u20ac a kicsi, 5,50 \u20ac a k\u00f6zepes \u00e9s 6,50 \u20ac a nagy adag\u00e9rt).<br><\/li>\n\n\n\n<li><strong>Kiemelt <\/strong><strong>lok\u00e1ci\u00f3<\/strong> \u2013 Az \u00fczletnek forgalmas, preszt\u00edzs helysz\u00ednen kell lennie (pl. fels\u0151 kateg\u00f3ri\u00e1s bev\u00e1s\u00e1rl\u00f3k\u00f6zpontban vagy rangos belv\u00e1rosi utc\u00e1n), tov\u00e1bb\u00e1 elegend\u0151 m\u00e9ret\u0171nek kell lennie ahhoz, hogy a fagylalt helyben (vagy k\u00f6zvetlen k\u00f6zelben) k\u00e9sz\u00fclj\u00f6n, biztos\u00edtva ezzel a maxim\u00e1lis frissess\u00e9get \u00e9s min\u0151s\u00e9get. (Legal\u00e1bb 70 m\u00b2 alapter\u00fclet sz\u00fcks\u00e9ges.)<\/li>\n<\/ol>\n\n\n\n<p>A hossz\u00fat\u00e1v\u00fa, sikeres egy\u00fcttm\u0171k\u00f6d\u00e9s \u00e9rdek\u00e9ben szeretn\u00e9nk kiemelni, hogy amennyiben nem \u00e1ll rendelkez\u00e9sre a megfelel\u0151 t\u0151ke, nem lesz lehet\u0151s\u00e9g a sz\u00fcks\u00e9ges beruh\u00e1z\u00e1sra, \u00e9s nem biztos\u00edthat\u00f3 a megfelel\u0151 m\u0171k\u00f6d\u00e9si cashflow az els\u0151 h\u00f3napokban. Ha pedig nincs el\u00e9g pr\u00e9mium fizet\u0151k\u00e9pes v\u00e1s\u00e1rl\u00f3, a v\u00e1llalkoz\u00e1s nem lesz fenntarthat\u00f3 vagy nyeres\u00e9ges.<\/p>\n\n\n\n<p><strong>Jelentkez\u00e9si folyamat<\/strong><\/p>\n\n\n\n<p>Let\u00f6lthet\u0151 dokumentumok:<\/p>\n\n\n\n<ul class=\"wp-block-list\">\n<li>R\u00f6vid t\u00e1j\u00e9koztat\u00f3 lap a franchise lehet\u0151s\u00e9gr\u0151l<\/li>\n\n\n\n<li>Franchise jelentkez\u00e9si \u0171rlap<\/li>\n\n\n\n<li>Titoktart\u00e1si meg\u00e1llapod\u00e1s (NDA)<\/li>\n<\/ul>\n\n\n\n<p>L\u00e9p\u00e9sek:<\/p>\n\n\n\n<p>&#8211; \u00cdrd al\u00e1 az NDA-t, szkenneld be, \u00e9s k\u00fcldd vissza miel\u0151bb.<\/p>\n\n\n\n<p>&#8211; T\u00f6ltsd ki a franchise jelentkez\u00e9si \u0171rlapot a lehet\u0151 legteljesebben, \u00e9s k\u00fcldd el nek\u00fcnk e-mailben. (Tiszt\u00e1ban vagyunk vele, hogy jelenleg nem biztos, hogy minden inform\u00e1ci\u00f3 rendelkez\u00e9sedre \u00e1ll, de f\u0151k\u00e9nt a potenci\u00e1lis keresletre \u00e9s a helyi \u00e1rakra vagyunk k\u00edv\u00e1ncsiak.)<\/p>\n\n\n\n<p>&#8211; Jel\u00f6ld meg, hogy mikor lenne sz\u00e1modra alkalmas egy szem\u00e9lyes vagy online prezent\u00e1ci\u00f3 \u00e9s megbesz\u00e9l\u00e9s a franchise lehet\u0151s\u00e9gr\u0151l.<\/p>\n\n\n\n<p>Ezt k\u00f6vet\u0151en felvessz\u00fck veled a kapcsolatot, hogy bemutassuk az \u00fczleti koncepci\u00f3nkat, aj\u00e1nlatunkat \u00e9s a franchise modell\u00fcnket, valamint hogy megvitassuk a lehet\u0151s\u00e9geket a piacodon.<\/p>\n\n\n\n<p>Nyitottak \u00e9s elhivatottak vagyunk, hogy megtal\u00e1ljuk k\u00f6vetkez\u0151 partnereinket, akikkel egy\u00fctt \u00e9p\u00edthetj\u00fck tov\u00e1bb a Gelarto Rosa \u00e1ltal k\u00e9pviselt \u00e9rt\u00e9keket.Hat\u00e1rozottan \u00e9rdekeltek vagyunk egy Gelarto Rosa franchise l\u00e9trehoz\u00e1s\u00e1ban, amennyiben az \u00fczleti k\u00f6rnyezet \u00e9s a piaci felt\u00e9telek kedvez\u0151ek. Sz\u00edvesen megvizsg\u00e1ln\u00e1nk, hogy jelenleg vagy a j\u00f6v\u0151ben lehet\u0151s\u00e9g ny\u00edlhat-e egy sikeres franchise m\u0171k\u00f6dtet\u00e9s\u00e9re ezen a piacon.<\/p>\n\n\n\n<div class=\"wp-block-columns justify-content-center scroll-in is-layout-flex wp-container-core-columns-is-layout-9d6595d7 wp-block-columns-is-layout-flex\">\n<div class=\"wp-block-column justify-content-center contact is-layout-flow wp-block-column-is-layout-flow\" style=\"flex-basis:50%\"><div class=\"wp-block-image\">\n<figure class=\"aligncenter size-full is-resized\"><img decoding=\"async\" src=\"https:\/\/gelartorosa.com\/wp-content\/uploads\/2025\/07\/magnifying-glass-2-svgrepo-com.svg\" alt=\"\" class=\"wp-image-172\" style=\"object-fit:cover;width:150px;height:150px\" title=\"\"\/><\/figure>\n<\/div>\n\n\n<p class=\"has-text-align-center has-large-font-size\"><strong>L\u00e9pj vel\u00fcnk kapcsolatba!<\/strong><\/p>\n\n\n<p><div class=\"forminator-ui forminator-custom-form forminator-custom-form-1093 forminator-design--default  forminator_ajax\" data-forminator-render=\"0\" data-form=\"forminator-module-1093\" data-uid=\"69f2305b6bc5e\"><br\/><\/div><form\n\t\t\t\tid=\"forminator-module-1093\"\n\t\t\t\tclass=\"forminator-ui forminator-custom-form forminator-custom-form-1093 forminator-design--default  forminator_ajax\"\n\t\t\t\tmethod=\"post\"\n\t\t\t\tdata-forminator-render=\"0\"\n\t\t\t\tdata-form-id=\"1093\"\n\t\t\t\t data-color-option=\"theme\" data-design=\"default\" data-grid=\"open\" style=\"display: none;\"\n\t\t\t\tdata-uid=\"69f2305b6bc5e\" action=\"\"\n\t\t\t><div role=\"alert\" aria-live=\"polite\" class=\"forminator-response-message forminator-error\" aria-hidden=\"true\"><\/div><div class=\"forminator-row\"><div id=\"name-1\" class=\"forminator-field-name forminator-col forminator-col-6\"><div class=\"forminator-field\"><label for=\"forminator-field-name-1_69f2305b6bc5e\" id=\"forminator-field-name-1_69f2305b6bc5e-label\" class=\"forminator-label\">N\u00e9v<\/label><input type=\"text\" name=\"name-1\" value=\"\" placeholder=\"\" id=\"forminator-field-name-1_69f2305b6bc5e\" class=\"forminator-input forminator-name--field\" aria-required=\"false\" autocomplete=\"name\" \/><\/div><\/div><div id=\"email-1\" class=\"forminator-field-email forminator-col forminator-col-6\"><div class=\"forminator-field\"><label for=\"forminator-field-email-1_69f2305b6bc5e\" id=\"forminator-field-email-1_69f2305b6bc5e-label\" class=\"forminator-label\">E-mail<\/label><input type=\"email\" name=\"email-1\" value=\"\" placeholder=\"\" id=\"forminator-field-email-1_69f2305b6bc5e\" class=\"forminator-input forminator-email--field\" data-required=\"\" aria-required=\"false\" autocomplete=\"email\" \/><\/div><\/div><\/div><div class=\"forminator-row\"><div id=\"text-1\" class=\"forminator-field-text forminator-col forminator-col-12\"><div class=\"forminator-field\"><label for=\"forminator-field-text-1_69f2305b6bc5e\" id=\"forminator-field-text-1_69f2305b6bc5e-label\" class=\"forminator-label\">Hol szeretn\u00e9l nyitni Gelarto Rosa \u00fczletet?<\/label><input type=\"text\" name=\"text-1\" value=\"\" placeholder=\"Orsz\u00e1g + v\u00e1ros\" id=\"forminator-field-text-1_69f2305b6bc5e\" class=\"forminator-input forminator-name--field\" data-required=\"\" \/><\/div><\/div><\/div><div class=\"forminator-row\"><div id=\"text-2\" class=\"forminator-field-text forminator-col forminator-col-12\"><div class=\"forminator-field\"><label for=\"forminator-field-text-2_69f2305b6bc5e\" id=\"forminator-field-text-2_69f2305b6bc5e-label\" class=\"forminator-label\">Hol tal\u00e1lkozt\u00e1l a Gelarto Rosa m\u00e1rk\u00e1val?<\/label><input type=\"text\" name=\"text-2\" value=\"\" placeholder=\"\" id=\"forminator-field-text-2_69f2305b6bc5e\" class=\"forminator-input forminator-name--field\" data-required=\"\" \/><\/div><\/div><\/div><input type=\"hidden\" name=\"referer_url\" value=\"\" \/><div class=\"forminator-row forminator-row-last\"><div class=\"forminator-col\"><div class=\"forminator-field\"><button class=\"forminator-button forminator-button-submit\">K&uuml;ld&eacute;s<\/button><\/div><\/div><\/div><input type=\"hidden\" id=\"forminator_nonce\" name=\"forminator_nonce\" value=\"d32d62e851\" \/><input type=\"hidden\" name=\"_wp_http_referer\" value=\"\/en\/wp-json\/wp\/v2\/pages\/15\" \/><input type=\"hidden\" name=\"form_id\" value=\"1093\"><input type=\"hidden\" name=\"page_id\" value=\"15\"><input type=\"hidden\" name=\"form_type\" value=\"default\"><input type=\"hidden\" name=\"current_url\" value=\"https:\/\/gelartorosa.com\/en\/franchise\/\"><input type=\"hidden\" name=\"render_id\" value=\"0\"><input type=\"hidden\" name=\"action\" value=\"forminator_submit_form_custom-forms\"><label for=\"input_5\" class=\"forminator-hidden\" aria-hidden=\"true\">Please do not fill in this field. <input id=\"input_5\" type=\"text\" name=\"input_5\" value=\"\" autocomplete=\"off\"><\/label><input type=\"hidden\" name=\"trp-form-language\" value=\"en\"\/><\/form><\/p>\n<\/div>\n<\/div>","protected":false},"excerpt":{"rendered":"<p>K\u00f6sz\u00f6nj\u00fck, hogy \u00e9rdekl\u0151dsz a Gelarto Rosa franchise \u00fczlet megnyit\u00e1sa ir\u00e1nt! A Gelarto Rosa egy esszencia, melyben a magas min\u0151s\u00e9g, profizmussal, \u00e9rt\u00e9kteremt\u00e9ssel \u00e9s egy csipetnyi var\u00e1zslattal keveredik \u00e9s kel \u00e9letre az illatos, \u00e9des r\u00f3zs\u00e1k \u00e1ltal. M\u00e1rk\u00e1nk kiv\u00e9teles franchise lehet\u0151s\u00e9get k\u00edn\u00e1l, egyedi aj\u00e1nlatunk \u00e9s er\u0151s v\u00e1s\u00e1rl\u00f3i kereslet\u00fcnk a garancia egy nyeres\u00e9ges \u00fczlet megalapoz\u00e1s\u00e1ra. A Gelarto Rosa egy [&hellip;]<\/p>\n","protected":false},"author":1,"featured_media":294,"parent":0,"menu_order":0,"comment_status":"closed","ping_status":"closed","template":"","meta":{"footnotes":""},"class_list":["post-15","page","type-page","status-publish","has-post-thumbnail","hentry"],"_links":{"self":[{"href":"https:\/\/gelartorosa.com\/en\/wp-json\/wp\/v2\/pages\/15","targetHints":{"allow":["GET"]}}],"collection":[{"href":"https:\/\/gelartorosa.com\/en\/wp-json\/wp\/v2\/pages"}],"about":[{"href":"https:\/\/gelartorosa.com\/en\/wp-json\/wp\/v2\/types\/page"}],"author":[{"embeddable":true,"href":"https:\/\/gelartorosa.com\/en\/wp-json\/wp\/v2\/users\/1"}],"replies":[{"embeddable":true,"href":"https:\/\/gelartorosa.com\/en\/wp-json\/wp\/v2\/comments?post=15"}],"version-history":[{"count":4,"href":"https:\/\/gelartorosa.com\/en\/wp-json\/wp\/v2\/pages\/15\/revisions"}],"predecessor-version":[{"id":1094,"href":"https:\/\/gelartorosa.com\/en\/wp-json\/wp\/v2\/pages\/15\/revisions\/1094"}],"wp:featuredmedia":[{"embeddable":true,"href":"https:\/\/gelartorosa.com\/en\/wp-json\/wp\/v2\/media\/294"}],"wp:attachment":[{"href":"https:\/\/gelartorosa.com\/en\/wp-json\/wp\/v2\/media?parent=15"}],"curies":[{"name":"wp","href":"https:\/\/api.w.org\/{rel}","templated":true}]}}