{"id":13,"date":"2025-06-12T09:21:31","date_gmt":"2025-06-12T09:21:31","guid":{"rendered":"https:\/\/cmpx.hu\/gelartorosa\/?page_id=13"},"modified":"2025-12-15T16:51:57","modified_gmt":"2025-12-15T16:51:57","slug":"karrier","status":"publish","type":"page","link":"https:\/\/gelartorosa.com\/en\/karrier\/","title":{"rendered":"Career"},"content":{"rendered":"<p class=\"has-medium-font-size\">Sok szeretettel v\u00e1runk csapatunkba, ha szeretn\u00e9l a Gelarto Rosa m\u00e1rka alkot\u00f3ja lenni! K\u00fcldet\u00e9s\u00fcnk, hogy min\u00e9l t\u00f6bb ember arc\u00e1ra csaljunk mosolyt minden adag r\u00f3zsafagylalttal. Egy falat sz\u00e9ps\u00e9get, kedvess\u00e9get \u00e9s \u00e9rt\u00e9ket \u00e1tadva minden hozz\u00e1nk bet\u00e9r\u0151 vend\u00e9g sz\u00e1m\u00e1ra.<\/p>\n\n\n\n<p class=\"has-medium-font-size\">Csapatunk magja \u00e9vek \u00f3ta ugyanaz, akik alap\u00edt\u00f3nk, Nikihez hasonl\u00f3an vallj\u00e1k, hogy egy j\u00f3 \u00f6tlet \u00f6nmag\u00e1ban kev\u00e9s: csak szenved\u00e9llyel, szeretetb\u0151l lehet j\u00f3l csin\u00e1lni. Csapatunk ereje az egym\u00e1sra figyel\u00e9sben \u00e9s a min\u0151s\u00e9g melletti&nbsp; elk\u00f6telezett munk\u00e1ban rejlik.<\/p>\n\n\n\n<p class=\"has-medium-font-size\">Szeretj\u00fck amit csin\u00e1lunk, szeret\u00fcnk egy\u00fctt dolgozni \u00e9s ez l\u00e1that\u00f3, \u00e9rezhet\u0151 is mindenki sz\u00e1m\u00e1ra, aki megfordul \u00fczleteinkben.<\/p>\n\n\n\n<h2 class=\"wp-block-heading\">Nyitott munkak\u00f6reink<\/h2>\n\n\n<div class=\"poziciok-container\"><div class=\"pozicio-box\"><h3>Pultos<\/h3><div class=\"pozicio-content\">A pultban dolgoz\u00f3 koll\u00e9g\u00e1k form\u00e1zz\u00e1k vir\u00e1gszirmokk\u00e1 a vev\u0151k \u00e1ltal kiv\u00e1lasztott \u00edzeket. A munkak\u00f6r bet\u00f6lt\u00e9s\u00e9hez betanul\u00e1s sz\u00fcks\u00e9ges, amit biztos\u00edtunk sz\u00e1modra, ha csatlakozol hozz\u00e1nk.<\/div><\/div><div class=\"pozicio-box\"><h3>H\u00e1tteres<\/h3><div class=\"pozicio-content\">A sz\u00ednfalak m\u00f6g\u00f6tt \u201cH\u00e1tteres\u201d-eink dolgoznak akik a m\u0171helyb\u0151l felhordj\u00e1k az elk\u00e9sz\u00fclt fagylaltokat, a pultosok keze al\u00e1 dolgoznak, \u00e1r\u00fat t\u00f6ltenek. Ide\u00e1lis sz\u00e1modra ez a poz\u00edci\u00f3 ha nem szeretn\u00e9l vend\u00e9gekkel k\u00f6zvetlen\u00fcl foglalkozni.<\/div><\/div><\/div>\n\n\n\n<h2 class=\"wp-block-heading\">Jelentkezz hozz\u00e1nk!<\/h2>\n\n\n\n<div class=\"wp-block-columns justify-content-center scroll-in is-layout-flex wp-container-core-columns-is-layout-9d6595d7 wp-block-columns-is-layout-flex\">\n<div class=\"wp-block-column justify-content-center contact is-layout-flow wp-block-column-is-layout-flow\" style=\"flex-basis:50%\"><div id=\"simple-contact-form-wrap\">\r\n\t\t<div id=\"simple-contact-form\" class=\"scf\">\r\n\t\t\t<form action=\"#simple-contact-form-wrap\" method=\"post\" data-trp-original-action=\"#simple-contact-form-wrap\">\r\n\t\t\t\t<div class=\"scf-row scf-name\">\r\n\t\t\t\t\t<label for=\"scf_name\">N\u00e9v<\/label>\r\n\t\t\t\t\t<input name=\"scf_name\" id=\"scf_name\" type=\"text\" size=\"33\" maxlength=\"99\" value=\"\" placeholder=\"N\u00e9v\" \/>\r\n\t\t\t\t<\/div>\r\n\t\t\t\t<div class=\"scf-row scf-email\">\r\n\t\t\t\t\t<label for=\"scf_email\">E-mail<\/label>\r\n\t\t\t\t\t<input name=\"scf_email\" id=\"scf_email\" type=\"text\" size=\"33\" maxlength=\"99\" value=\"\" placeholder=\"E-mail\" \/>\r\n\t\t\t\t<\/div>\r\n\t\t<div class=\"scf-row scf-confirm-email\">\r\n\t\t\t<label for=\"scf_confirm_email\">E-mail meger\u0151s\u00edt\u00e9se<\/label>\r\n\t\t\t<input name=\"scf_confirm_email\" id=\"scf_confirm_email\" type=\"text\" size=\"33\" maxlength=\"99\" value=\"\" placeholder=\"E-mail meger\u0151s\u00edt\u00e9se\" \/>\r\n\t\t<\/div>\r\n\t\t\t<div class=\"scf-row scf-website3dhhsy3\">\r\n\t\t\t\t<label for=\"website3dhhsy3\">Leave this field empty<\/label>\r\n\t\t\t\t<input type=\"text\" name=\"website3dhhsy3\" tabindex=\"-1\" autocomplete=\"off\" \/>\r\n\t\t\t<\/div>\r\n\t\t\t\t<div class=\"scf-row scf-message\">\r\n\t\t\t\t\t<label for=\"scf_message\">\u00dczenet<\/label>\r\n\t\t\t\t\t<textarea name=\"scf_message\" id=\"scf_message\" cols=\"33\" rows=\"7\" placeholder=\"\u00dczenet\"><\/textarea>\r\n\t\t\t\t<\/div><div class=\"scf-submit\">\r\n\t\t\t\t\t<input type=\"submit\" id=\"scf-button\" value=\"K\u00fcld\u00e9s\">\r\n\t\t\t\t\t<input type=\"hidden\" id=\"scf-key\" name=\"scf-key\" value=\"process\">\r\n\t\t\t\t\t<input type=\"hidden\" id=\"scf-nonce\" name=\"scf-nonce\" value=\"80fc02fa75\" \/>\r\n\t\t\t\t<\/div>\t<div class=\"scf-confirm-checkbox\">\r\n\t\t<label><input type=\"checkbox\" required> Hozz\u00e1j\u00e1rulok, hogy ez a weboldal t\u00e1rolja az \u00e1ltalam megadott adatokat, hogy v\u00e1laszolni tudjanak a megkeres\u00e9semre. A r\u00e9szletes adatkezel\u00e9si t\u00e1j\u00e9koztat\u00f3t az oldal alj\u00e1ntal\u00e1lja, ahol megtudhatja, hogyan haszn\u00e1ljuk az adatokat.<\/label>\r\n\t<\/div><!-- .scf-confirm-checkbox -->\r\n\t<input type=\"hidden\" name=\"trp-form-language\" value=\"en\"\/><\/form>\r\n\t\t<\/div>\r\n\t\t<style>.scf-confirm-checkbox { margin-top: 15px; } .scf-website3dhhsy3 { display: none; } #simple-contact-form .scf-row { width: 100%; overflow: hidden; margin: 5px 0; padding: 5px 0; border: 0; } #simple-contact-form .scf-row input { box-sizing: border-box; float: left; clear: none; width: 75%; margin: 0; } #simple-contact-form .scf-row label { box-sizing: border-box; float: left; clear: both; width: 25%; margin-top: 5px; font-size: 90%; } #simple-contact-form .scf-row textarea { box-sizing: border-box; float: left; clear: both; width: 100%; margin-top: 2px; }#simple-contact-form form { max-width: 700px; padding: 5px; } #simple-contact-form .scf-row { width: 100%; overflow: hidden; margin: 5px 0; padding: 5px 0; border: 0; } #simple-contact-form .scf-row input { box-sizing: border-box; float: left; clear: none; width: 75%; margin: 0; } #simple-contact-form .scf-row label { box-sizing: border-box; float: left; clear: both; width: 25%; margin-top: 5px; font-size: 90%; } #simple-contact-form .scf-row textarea { box-sizing: border-box; float: left; clear: both; width: 100%; margin-top: 2px; } #scf_success pre { white-space: pre-wrap; } p.scf_error, p.scf_spam { color: #cc0000; } div.scf-submit { margin-top: 10px; } p.scf_success { color: #669966; } .scf-confirm-checkbox { margin-top: 15px; } .scf-website3dhhsy3 { display: none; }<\/style><div style=\"clear:both\">&nbsp;<\/div><\/div>\n<\/div>\n<\/div>\n\n\n\n<div class=\"wp-block-buttons is-content-justification-center is-layout-flex wp-container-core-buttons-is-layout-16018d1d wp-block-buttons-is-layout-flex\">\n<div class=\"wp-block-button dolgozoi-bejelentkezes\"><a class=\"wp-block-button__link has-text-align-center wp-element-button\" href=\"https:\/\/gelartorosa.com\/en\/videooktatas\/\">DOLGOZ\u00d3I BEJELENTKEZ\u00c9S<\/a><\/div>\n<\/div>","protected":false},"excerpt":{"rendered":"<p>Sok szeretettel v\u00e1runk csapatunkba, ha szeretn\u00e9l a Gelarto Rosa m\u00e1rka alkot\u00f3ja lenni! K\u00fcldet\u00e9s\u00fcnk, hogy min\u00e9l t\u00f6bb ember arc\u00e1ra csaljunk mosolyt minden adag r\u00f3zsafagylalttal. Egy falat sz\u00e9ps\u00e9get, kedvess\u00e9get \u00e9s \u00e9rt\u00e9ket \u00e1tadva minden hozz\u00e1nk bet\u00e9r\u0151 vend\u00e9g sz\u00e1m\u00e1ra. Csapatunk magja \u00e9vek \u00f3ta ugyanaz, akik alap\u00edt\u00f3nk, Nikihez hasonl\u00f3an vallj\u00e1k, hogy egy j\u00f3 \u00f6tlet \u00f6nmag\u00e1ban kev\u00e9s: csak szenved\u00e9llyel, szeretetb\u0151l lehet [&hellip;]<\/p>\n","protected":false},"author":1,"featured_media":785,"parent":0,"menu_order":0,"comment_status":"closed","ping_status":"closed","template":"","meta":{"footnotes":""},"class_list":["post-13","page","type-page","status-publish","has-post-thumbnail","hentry"],"_links":{"self":[{"href":"https:\/\/gelartorosa.com\/en\/wp-json\/wp\/v2\/pages\/13","targetHints":{"allow":["GET"]}}],"collection":[{"href":"https:\/\/gelartorosa.com\/en\/wp-json\/wp\/v2\/pages"}],"about":[{"href":"https:\/\/gelartorosa.com\/en\/wp-json\/wp\/v2\/types\/page"}],"author":[{"embeddable":true,"href":"https:\/\/gelartorosa.com\/en\/wp-json\/wp\/v2\/users\/1"}],"replies":[{"embeddable":true,"href":"https:\/\/gelartorosa.com\/en\/wp-json\/wp\/v2\/comments?post=13"}],"version-history":[{"count":20,"href":"https:\/\/gelartorosa.com\/en\/wp-json\/wp\/v2\/pages\/13\/revisions"}],"predecessor-version":[{"id":728,"href":"https:\/\/gelartorosa.com\/en\/wp-json\/wp\/v2\/pages\/13\/revisions\/728"}],"wp:featuredmedia":[{"embeddable":true,"href":"https:\/\/gelartorosa.com\/en\/wp-json\/wp\/v2\/media\/785"}],"wp:attachment":[{"href":"https:\/\/gelartorosa.com\/en\/wp-json\/wp\/v2\/media?parent=13"}],"curies":[{"name":"wp","href":"https:\/\/api.w.org\/{rel}","templated":true}]}}