{"id":11,"date":"2025-06-12T09:18:15","date_gmt":"2025-06-12T09:18:15","guid":{"rendered":"https:\/\/cmpx.hu\/gelartorosa\/?page_id=11"},"modified":"2025-12-15T16:50:51","modified_gmt":"2025-12-15T16:50:51","slug":"rolunk","status":"publish","type":"page","link":"https:\/\/gelartorosa.com\/en\/rolunk\/","title":{"rendered":"About"},"content":{"rendered":"<style>\n        .rolunk-grid {\n            display: grid;\n            grid-template-columns: repeat(3, 1fr);\n            gap: 1rem;\n            margin: 1rem;\n        }\n        .rolunk-item {\n            display: flex;\n            flex-direction: column;\n            justify-content: center;\n            align-items: center;\n\n            height: 300px; \/* fixed height *\/\n            padding: 20px;\n            border-radius: 25px;\n\n            background-size: cover;\n            background-position: center;\n            cursor: pointer;\n            transition: transform .25s ease;\n\n            font-family: 'Lexend Peta';\n            text-transform: uppercase;\n            text-align: center;\n            color: white;\n\t\t\ttext-shadow: 1px 1px 1px #222222;\n        }\n        .rolunk-item:hover { transform: scale(1.03); }\n        .rolunk-item img { max-width: 80px; filter:drop-shadow(1px 1px 1px #222222);}\n        .rolunk-popup {\n            display: none;\n            position: fixed;\n            inset: 0;\n            background: rgba(0,0,0,0.75);\n            padding: 2rem;\n            overflow-y: auto;\n            z-index: 9999;\n            opacity: 0;\n            animation: fadeIn .3s forwards;\n        }\n        .rolunk-popup h2{\n            font-family: 'Lexend Peta';\n            text-transform: uppercase;\n            text-align:center;\n            font-size:2.5em;\n            margin-top:0.5em 0;\n        }\n        .popup-svg{max-width:150px;}\n        .rolunk-popup-content {\n            text-align:center;\n            background: #ffe1c6;\n            padding: 2rem;\n            max-width: 800px;\n            margin: 0 auto;\n            border-radius: 25px;\n            color: #000;\n            animation: fadeInBox .3s ease forwards;\n        }\n        .rolunk-popup-content p:empty { display: none !important; }\n        .rolunk-popup-content p { margin-top:0; }\n\n        @keyframes fadeIn { to { opacity: 1; } }\n        @keyframes fadeInBox { from { opacity: 0; transform: scale(.95); } to { opacity: 1; transform: scale(1); } }\n\n        \/* Responsive *\/\n        @media (max-width: 900px) { .rolunk-grid { grid-template-columns: repeat(2, 1fr); } }\n        @media (max-width: 600px) { .rolunk-grid { grid-template-columns: 1fr; } }\n    <\/style>\n\n    <h2 id='bemutatkozas' class='wp-block-heading'>Introduction<\/h2><div class=\"rolunk-grid\">            <div class=\"rolunk-item\"\n                 data-title=\"Egy r\u00f3zs\u00e1nyi luxus-\u00e9lm\u00e9ny\"\n                 style=\"background-image:url('https:\/\/gelartorosa.com\/wp-content\/uploads\/2025\/12\/luxus_DSC02672-819x1024.jpg');\">\n\n                                    <img decoding=\"async\" src=\"https:\/\/gelartorosa.com\/wp-content\/uploads\/2025\/07\/rose.svg\" alt=\"\">\n                \n                <h3>A Rose-Sized Luxury Experience<\/h3>\n\n                <div class=\"rolunk-hidden-content\" style=\"display:none;\">\n                    <img decoding=\"async\" src=\"https:\/\/gelartorosa.com\/wp-content\/uploads\/2025\/07\/rose.svg\" class=\"popup-svg\" alt=\"\"><p><!-- wp:paragraph --><\/p>\n<p>Our unique rose-shaped ice creams are made exclusively from first-class ingredients. We work with bases prepared on-site, whether it\u2019s fresh milk or cream bases, vegan sorbets made from premium fruits, or new alternatives made from plant-based milks.<\/p>\n<p><!-- \/wp:paragraph --><\/p>\n<p><!-- wp:paragraph --><\/p>\n<p>Alongside our creativity, dedication, and carefully selected ingredients, the guarantee of quality is that wherever possible, we make everything ourselves. Our heart, soul, and full attention go into it \u2014 we don\u2019t make compromises for convenience.<\/p>\n<p><!-- \/wp:paragraph --><\/p>\n                <\/div>\n            <\/div>\n                        <div class=\"rolunk-item\"\n                 data-title=\"A Gelarto Rosa esszenci\u00e1ja\"\n                 style=\"background-image:url('https:\/\/gelartorosa.com\/wp-content\/uploads\/2025\/12\/esszencia-DSC088121-819x1024.jpg');\">\n\n                                    <img decoding=\"async\" src=\"https:\/\/gelartorosa.com\/wp-content\/uploads\/2025\/07\/innovacio.svg\" alt=\"\">\n                \n                <h3>The Essence of Gelarto Rosa<\/h3>\n\n                <div class=\"rolunk-hidden-content\" style=\"display:none;\">\n                    <img decoding=\"async\" src=\"https:\/\/gelartorosa.com\/wp-content\/uploads\/2025\/07\/innovacio.svg\" class=\"popup-svg\" alt=\"\"><p><!-- wp:paragraph --><\/p>\n<p>\u201cFor me, all of this has never been just about ice cream. My dedication lies in heartfelt hospitality and in building a vibrant, inclusive, and international workplace community \u2014 a place where it\u2019s easy to connect, and where attention and smiles never run out.\u201d (Sz.N.)<\/p>\n<p><!-- \/wp:paragraph --><\/p>\n                <\/div>\n            <\/div>\n                        <div class=\"rolunk-item\"\n                 data-title=\"Alap\u00edt\u00f3\"\n                 style=\"background-image:url('https:\/\/gelartorosa.com\/wp-content\/uploads\/2025\/12\/alapito-DSC08494-scaled-e1765816614377-1024x650.jpg');\">\n\n                                    <img decoding=\"async\" src=\"https:\/\/gelartorosa.com\/wp-content\/uploads\/2025\/07\/szivek.svg\" alt=\"\">\n                \n                <h3>Founder<\/h3>\n\n                <div class=\"rolunk-hidden-content\" style=\"display:none;\">\n                    <img decoding=\"async\" src=\"https:\/\/gelartorosa.com\/wp-content\/uploads\/2025\/07\/szivek.svg\" class=\"popup-svg\" alt=\"\"><p><!-- wp:paragraph --><\/p>\n<p>The visionary, soul, and driving force behind Gelarto Rosa is Niki Sz\u00f6kr\u00f6n. The most natural and authentic way to introduce the brand is through Niki\u2019s own philosophy and story:<\/p>\n<p><!-- \/wp:paragraph --><\/p>\n<p><!-- wp:paragraph --><\/p>\n<p>\u201cI am passionately convinced that almost any flavor in the world can be turned into ice cream. If a cool, fruity-floral drink enchants me while visiting Morocco, if I fall in love with fresh avocado at a bustling market in Tenerife, or with a steaming Karak Chai in a small caf\u00e9 in the Middle East, or if I come across a tree heavy with ripe figs in a tiny Greek village, I transform the joy of that wonder into ice cream.\u201d<\/p>\n<p><!-- \/wp:paragraph --><\/p>\n                <\/div>\n            <\/div>\n            <\/div><h2 id='tradicio-innovacio' class='wp-block-heading'>Tradition &amp; Innovation<\/h2><div class=\"rolunk-grid\">            <div class=\"rolunk-item\"\n                 data-title=\"Inspir\u00e1ci\u00f3\"\n                 style=\"background-image:url('https:\/\/gelartorosa.com\/wp-content\/uploads\/2025\/12\/inspiracio_DSC02928-1024x683.jpg');\">\n\n                                    <img decoding=\"async\" src=\"https:\/\/gelartorosa.com\/wp-content\/uploads\/2025\/07\/lightbulb-bolt-svgrepo-com.svg\" alt=\"\">\n                \n                <h3>Inspiration<\/h3>\n\n                <div class=\"rolunk-hidden-content\" style=\"display:none;\">\n                    <img decoding=\"async\" src=\"https:\/\/gelartorosa.com\/wp-content\/uploads\/2025\/07\/lightbulb-bolt-svgrepo-com.svg\" class=\"popup-svg\" alt=\"\"><p><!-- wp:paragraph --><\/p>\n<p>We continuously refine our own recipes and remain open to exciting innovations: we attend workshops and exhibitions and closely follow trends so that Gelarto Rosa can captivate again and again by combining the best available technology with the highest-quality ingredients.<\/p>\n<p><!-- \/wp:paragraph --><\/p>\n                <\/div>\n            <\/div>\n                        <div class=\"rolunk-item\"\n                 data-title=\"Ut\u00e1nozhatatlan egyedis\u00e9g\"\n                 style=\"background-image:url('https:\/\/gelartorosa.com\/wp-content\/uploads\/2025\/12\/egyediseg--1024x819.jpg');\">\n\n                                    <img decoding=\"async\" src=\"https:\/\/gelartorosa.com\/wp-content\/uploads\/2025\/07\/magnifying-glass-2-svgrepo-com.svg\" alt=\"\">\n                \n                <h3>Inimitable Uniqueness<\/h3>\n\n                <div class=\"rolunk-hidden-content\" style=\"display:none;\">\n                    <img decoding=\"async\" src=\"https:\/\/gelartorosa.com\/wp-content\/uploads\/2025\/07\/magnifying-glass-2-svgrepo-com.svg\" class=\"popup-svg\" alt=\"\"><p><!-- wp:paragraph --><\/p>\n<p>A tradicion\u00e1lis olasz recepteket egyedire form\u00e1ltuk\u2013 dacolva ak\u00e1r nagym\u00falt\u00fa alapanyag gy\u00e1rt\u00f3kkal is \u2013, mert a lehet\u0151 legink\u00e1bb term\u00e9szetes, csup\u00e1n p\u00e1r alkot\u00f3elemb\u0151l \u00e1ll\u00f3 fagylaltot akartuk megalkotni \u00e9s mindenki sz\u00e1m\u00e1ra el\u00e9rhet\u0151v\u00e9 tenni.<\/p>\n<p><!-- \/wp:paragraph --><\/p>\n<p><!-- wp:paragraph --><\/p>\n<p>A kov\u00e1szos keny\u00e9r mint\u00e1j\u00e1ra, a titkunk csak p\u00e1r t\u00f6k\u00e9letes alkot\u00f3elem, modern technika, \u00e9rlel\u00e9s, majd id\u0151t adni a csod\u00e1latos alapanyagoknak a kibontakoz\u00e1sra, \u00e9s a cs\u00facson, a legmegfelel\u0151bb elj\u00e1r\u00e1ssal lefagyasztani, hogy a legt\u00f6k\u00e9letesebben bontakozzanak ki az \u00edzek.<\/p>\n<p><!-- \/wp:paragraph --><\/p>\n                <\/div>\n            <\/div>\n                        <div class=\"rolunk-item\"\n                 data-title=\"Olasz gasztron\u00f3miai alapok\"\n                 style=\"background-image:url('https:\/\/gelartorosa.com\/wp-content\/uploads\/2025\/12\/olasz-gasztro-DSC05440_4-1024x683.jpg');\">\n\n                                    <img decoding=\"async\" src=\"https:\/\/gelartorosa.com\/wp-content\/uploads\/2025\/07\/italy-map-country-land-svgrepo-com.svg\" alt=\"\">\n                \n                <h3>Italian Culinary Foundations<\/h3>\n\n                <div class=\"rolunk-hidden-content\" style=\"display:none;\">\n                    <img decoding=\"async\" src=\"https:\/\/gelartorosa.com\/wp-content\/uploads\/2025\/07\/italy-map-country-land-svgrepo-com.svg\" class=\"popup-svg\" alt=\"\"><p><!-- wp:paragraph --><\/p>\n<p>Alap\u00edt\u00f3nk a szakmai alapokat a Bolognai Fagylalt Egyetemen saj\u00e1t\u00edtotta el, a r\u00f3zsak\u00e9sz\u00edt\u00e9st egy t\u0151rzsgy\u00f6keres olasz csal\u00e1dt\u00f3l tanulta, a szirmonk\u00e9nt fel\u00e9p\u00edtett r\u00f3zsa form\u00e1t pedig el\u0151sz\u00f6r az \u00e9desapja, az \u0151 \u201cPapija\u201d fedezte fel sz\u00e1m\u00e1ra.<\/p>\n<p><!-- \/wp:paragraph --><\/p>\n                <\/div>\n            <\/div>\n            <\/div><h2 id='allando-magas-minoseg' class='wp-block-heading'>Consistently High Quality<\/h2><div class=\"rolunk-grid\">            <div class=\"rolunk-item\"\n                 data-title=\"100% term\u00e9szetes \u00e9s tiszta\"\n                 style=\"background-image:url('https:\/\/gelartorosa.com\/wp-content\/uploads\/2025\/07\/DSC02453-683x1024.jpg');\">\n\n                                    <img decoding=\"async\" src=\"https:\/\/gelartorosa.com\/wp-content\/uploads\/2025\/07\/leaf-svgrepo-com.svg\" alt=\"\">\n                \n                <h3>100% Natural and Pure<\/h3>\n\n                <div class=\"rolunk-hidden-content\" style=\"display:none;\">\n                    <img decoding=\"async\" src=\"https:\/\/gelartorosa.com\/wp-content\/uploads\/2025\/07\/leaf-svgrepo-com.svg\" class=\"popup-svg\" alt=\"\"><p><!-- wp:paragraph --><\/p>\n<p>2025-ben m\u00e1r \u00e9pp 20 \u00e9ve \u00e1lmodjuk meg a mindig friss alapanyagokb\u00f3l, gy\u00fcm\u00f6lcs\u00f6kb\u0151l, f\u0171szerekb\u0151l, tart\u00f3s\u00edt\u00f3szerek \u00e9s adal\u00e9kanyagok n\u00e9lk\u00fcl k\u00e9sz\u00fclt, 100%-ban term\u00e9szetes fagylaltokat, amik k\u00f6z\u00f6tt megtal\u00e1lhat\u00f3k a cukor- \u00e9s tejmentes v\u00e1ltoztok is.<\/p>\n<p><!-- \/wp:paragraph --><\/p>\n                <\/div>\n            <\/div>\n                        <div class=\"rolunk-item\"\n                 data-title=\"K\u00e9zm\u0171ves, helyben k\u00e9sz\u00fclt fagylalt\"\n                 style=\"background-image:url('https:\/\/gelartorosa.com\/wp-content\/uploads\/2025\/12\/kezmuves-1024x683.jpg');\">\n\n                                    <img decoding=\"async\" src=\"https:\/\/gelartorosa.com\/wp-content\/uploads\/2025\/07\/map-marker-3-svgrepo-com.svg\" alt=\"\">\n                \n                <h3>Handcrafted, Locally Made Ice Cream<\/h3>\n\n                <div class=\"rolunk-hidden-content\" style=\"display:none;\">\n                    <img decoding=\"async\" src=\"https:\/\/gelartorosa.com\/wp-content\/uploads\/2025\/07\/map-marker-3-svgrepo-com.svg\" class=\"popup-svg\" alt=\"\"><p><!-- wp:paragraph --><\/p>\n<p>A min\u0151s\u00e9ggel kapcsolatos hajthatatlans\u00e1gunk m\u00e1s oldalr\u00f3l j\u00e1r kompromisszummal \u2013 a mi fagyink teljes eg\u00e9sz\u00e9ben helyben k\u00e9sz\u00fcl, nem alkalmas hosszabb t\u00e1rol\u00e1sra, sz\u00e1ll\u00edt\u00e1sra, \u00edgy azt\u00e1n viszontelad\u00e1sra sem. A r\u00f3zsaform\u00e1n t\u00fal m\u00e9gis ett\u0151l ut\u00e1nozhatatlanul egyedi \u00e9s ez a mi igazi b\u00fcszkes\u00e9g\u00fcnk.<\/p>\n<p><!-- \/wp:paragraph --><\/p>\n                <\/div>\n            <\/div>\n                        <div class=\"rolunk-item\"\n                 data-title=\"Gelarto Rosa t\u00f6lcs\u00e9r\"\n                 style=\"background-image:url('https:\/\/gelartorosa.com\/wp-content\/uploads\/2025\/12\/tolcser-DSC07695-e1765905401933-949x1024.jpg');\">\n\n                                    <img decoding=\"async\" src=\"https:\/\/gelartorosa.com\/wp-content\/uploads\/2025\/07\/ice-cream-svgrepo-com.svg\" alt=\"\">\n                \n                <h3>Gelarto Rosa Cone<\/h3>\n\n                <div class=\"rolunk-hidden-content\" style=\"display:none;\">\n                    <img decoding=\"async\" src=\"https:\/\/gelartorosa.com\/wp-content\/uploads\/2025\/07\/ice-cream-svgrepo-com.svg\" class=\"popup-svg\" alt=\"\"><p><!-- wp:paragraph --><\/p>\n<p>Our cones arrive in our Budapest shops directly from Italy. Made according to a premium, proprietary recipe, they are flavored with vanilla and delightfully crisp and sweet \u2014 naturally, without water or any artificial ingredients. They are perfectly shaped, sized, and flavored to serve as a worthy foundation for our exclusive rose ice creams. For our guests, a gluten-free cone option is also available at no extra charge for those with gluten sensitivities.<\/p>\n<p><!-- \/wp:paragraph --><\/p>\n                <\/div>\n            <\/div>\n            <\/div><h2 id='uzleteink' class='wp-block-heading'>Our Shops<\/h2><div class=\"rolunk-grid\">            <div class=\"rolunk-item\"\n                 data-title=\"Nemzetk\u00f6zi franchise\"\n                 style=\"background-image:url('https:\/\/gelartorosa.com\/wp-content\/uploads\/2025\/12\/nemzetkozi-franchise-DSC09725-1024x576.jpg');\">\n\n                                    <img decoding=\"async\" src=\"https:\/\/gelartorosa.com\/wp-content\/uploads\/2025\/07\/franchise-svgrepo-com.svg\" alt=\"\">\n                \n                <h3>International Franchise<\/h3>\n\n                <div class=\"rolunk-hidden-content\" style=\"display:none;\">\n                    <img decoding=\"async\" src=\"https:\/\/gelartorosa.com\/wp-content\/uploads\/2025\/07\/franchise-svgrepo-com.svg\" class=\"popup-svg\" alt=\"\"><p><!-- wp:paragraph --><\/p>\n<p>All of our franchise partners have come from among our own guests. Over the years, this has included, for example, the Qatari owner of the Paris Saint-Germain team. In Barcelona, Marc Gen\u00e9, Ferrari\u2019s third driver, opened a Gelarto Rosa, and our chili chocolate ice cream has even been served in Qatar Airways\u2019 business class.<\/p>\n<p><!-- \/wp:paragraph --><\/p>\n                <\/div>\n            <\/div>\n                        <div class=\"rolunk-item\"\n                 data-title=\"Enteri\u0151r\"\n                 style=\"background-image:url('https:\/\/gelartorosa.com\/wp-content\/uploads\/2025\/12\/enteriorDSC03868-683x1024.jpg');\">\n\n                                    <img decoding=\"async\" src=\"https:\/\/gelartorosa.com\/wp-content\/uploads\/2025\/07\/armchair-chair-furniture-interior-seat-svgrepo-com.svg\" alt=\"\">\n                \n                <h3>Interior Design<\/h3>\n\n                <div class=\"rolunk-hidden-content\" style=\"display:none;\">\n                    <img decoding=\"async\" src=\"https:\/\/gelartorosa.com\/wp-content\/uploads\/2025\/07\/armchair-chair-furniture-interior-seat-svgrepo-com.svg\" class=\"popup-svg\" alt=\"\"><p><!-- wp:paragraph --><\/p>\n<p>A Gelarto Rosa bels\u0151\u00e9p\u00edt\u00e9szetileg is az egyedis\u00e9get k\u00e9pviseli, az apr\u00f3 r\u00e9szletekig megtervezett enteri\u0151r Pergel \u00c1kos munk\u00e1ja. A tervez\u0151 20 \u00e9ve dolgozik alap\u00edt\u00f3nkkal, szavak n\u00e9lk\u00fcl is megtal\u00e1lt\u00e1k az \u00f6sszhangot a t\u00e9r kialak\u00edt\u00e1s\u00e1n\u00e1l, hogy l\u00e9trej\u00f6jj\u00f6n a Gelarto Rosa esszenci\u00e1j\u00e1t legink\u00e1bb t\u00fckr\u00f6z\u0151 enteri\u0151r.<\/p>\n<p><!-- \/wp:paragraph --><\/p>\n                <\/div>\n            <\/div>\n                        <div class=\"rolunk-item\"\n                 data-title=\"Nemzetk\u00f6zi h\u00edrn\u00e9v\"\n                 style=\"background-image:url('https:\/\/gelartorosa.com\/wp-content\/uploads\/2025\/12\/nemzetkozi-hirnev-IMG_4918-1024x683.jpg');\">\n\n                                    <img decoding=\"async\" src=\"https:\/\/gelartorosa.com\/wp-content\/uploads\/2025\/07\/globe-svgrepo-com.svg\" alt=\"\">\n                \n                <h3>International Reputation<\/h3>\n\n                <div class=\"rolunk-hidden-content\" style=\"display:none;\">\n                    <img decoding=\"async\" src=\"https:\/\/gelartorosa.com\/wp-content\/uploads\/2025\/07\/globe-svgrepo-com.svg\" class=\"popup-svg\" alt=\"\"><p><!-- wp:paragraph --><\/p>\n<p>In the heart of Budapest, our tiny shop often has lines so long that we opened its larger \u201cbig sister\u201d nearby. Meanwhile, tourists who visit us help spread our reputation far beyond the country\u2019s borders. Every day, we delight thousands of guests with our roses, each petal and flavor blooming to perfection.<\/p>\n<p><!-- \/wp:paragraph --><\/p>\n                <\/div>\n            <\/div>\n            <\/div><h2 id='a-rozsafagylalt-titka' class='wp-block-heading'>The Secret of Rose Ice Cream<\/h2><div class=\"rolunk-grid\">            <div class=\"rolunk-item\"\n                 data-title=\"Pr\u00e9mium alapanyagok\"\n                 style=\"background-image:url('https:\/\/gelartorosa.com\/wp-content\/uploads\/2025\/07\/IMG_8041-2-768x1024.jpg');\">\n\n                                    <img decoding=\"async\" src=\"https:\/\/gelartorosa.com\/wp-content\/uploads\/2025\/07\/component-svgrepo-com.svg\" alt=\"\">\n                \n                <h3>Premium Ingredients<\/h3>\n\n                <div class=\"rolunk-hidden-content\" style=\"display:none;\">\n                    <img decoding=\"async\" src=\"https:\/\/gelartorosa.com\/wp-content\/uploads\/2025\/07\/component-svgrepo-com.svg\" class=\"popup-svg\" alt=\"\"><p><!-- wp:paragraph --><\/p>\n<p>Careful selection of ingredients is a crucial part of our work and forms the foundation of the finished ice cream\u2019s quality. Each season begins with important decisions. In spring, for example, we hold a milk-tasting to determine from which farm we can source the most flavorful milk and cream. Together with Gusztiv T\u00f3th \u2014 \u2018Igazioliva\u2019 \u2014 we select which olives from the current year\u2019s harvest best harmonize with our ice cream, and the list goes on.<\/p>\n<p><!-- \/wp:paragraph --><\/p>\n                <\/div>\n            <\/div>\n                        <div class=\"rolunk-item\"\n                 data-title=\"Mindig friss \u00e9s magas min\u0151s\u00e9g\u0171\"\n                 style=\"background-image:url('https:\/\/gelartorosa.com\/wp-content\/uploads\/2025\/12\/friss-magas-1024x683.jpg');\">\n\n                                    <img decoding=\"async\" src=\"https:\/\/gelartorosa.com\/wp-content\/uploads\/2025\/07\/premium-badge-svgrepo-com.svg\" alt=\"\">\n                \n                <h3>Always Fresh and High Quality<\/h3>\n\n                <div class=\"rolunk-hidden-content\" style=\"display:none;\">\n                    <img decoding=\"async\" src=\"https:\/\/gelartorosa.com\/wp-content\/uploads\/2025\/07\/premium-badge-svgrepo-com.svg\" class=\"popup-svg\" alt=\"\"><p><!-- wp:paragraph --><\/p>\n<p>In our ice cream shop, we work with bases cooked on-site, but we don\u2019t just flavor a single base \u2014 with meticulous care, we prepare six different types of bases. For example, our vanilla base is slowly cooked, or pasteurized, using vanilla beans, lemon zest, fresh homemade milk, and eggs. Our cooked bases are made with careful, long maturation. Thanks to high demand, we produce each ice cream fresh and in quantities that allow us to consistently maintain both freshness and high quality. None of our ice creams contain preservatives, artificial additives, or volume enhancers.<\/p>\n<p><!-- \/wp:paragraph --><\/p>\n                <\/div>\n            <\/div>\n                        <div class=\"rolunk-item\"\n                 data-title=\"Mit\u0151l egyedi az \u00e1ltalunk k\u00e9sz\u00edtett fagylalt?\"\n                 style=\"background-image:url('https:\/\/gelartorosa.com\/wp-content\/uploads\/2025\/07\/DSC07292-1024x683.jpg');\">\n\n                                    <img decoding=\"async\" src=\"https:\/\/gelartorosa.com\/wp-content\/uploads\/2025\/07\/stars-svgrepo-com.svg\" alt=\"\">\n                \n                <h3>What Makes Our Ice Cream Unique?<\/h3>\n\n                <div class=\"rolunk-hidden-content\" style=\"display:none;\">\n                    <img decoding=\"async\" src=\"https:\/\/gelartorosa.com\/wp-content\/uploads\/2025\/07\/stars-svgrepo-com.svg\" class=\"popup-svg\" alt=\"\"><p><!-- wp:list --><\/p>\n<ul class=\"wp-block-list\"><!-- wp:list-item --><\/p>\n<li>We don\u2019t scoop. Using a custom-made spatula, we shape the ice cream into roses on the cone, preserving its creamy texture.<\/li>\n<p><!-- \/wp:list-item --><\/p>\n<p><!-- wp:list-item --><\/p>\n<li>Fine and authentic, made with the best ingredients. It contains no emulsifiers, no hydrogenated vegetable fats, and no volume-enhancing additives.<\/li>\n<p><!-- \/wp:list-item --><\/p>\n<p><!-- wp:list-item --><\/p>\n<li>Enriched with homemade milk, fresh cream, brown sugar, grape sugar, honey, birch sugar, and plenty of fruit.<\/li>\n<p><!-- \/wp:list-item --><\/p>\n<p><!-- wp:list-item --><\/p>\n<li>We also consider our vegan guests, and those who are lactose- or gluten-intolerant, diabetic, or dieting are more than welcome.<\/li>\n<p><!-- \/wp:list-item --><\/p>\n<p><!-- wp:list-item --><\/p>\n<li>On request, we also create beautiful rose-decorated ice cream cakes.<\/li>\n<p><!-- \/wp:list-item --><\/ul>\n<p><!-- \/wp:list --><\/p>\n                <\/div>\n            <\/div>\n            <\/div>\n    <div class=\"rolunk-popup\" id=\"rolunkPopup\">\n        <div class=\"rolunk-popup-content\" id=\"rolunkPopupContent\"><\/div>\n    <\/div>\n\n    <script>\n        document.addEventListener(\"DOMContentLoaded\", function() {\n\n            const popup = document.getElementById(\"rolunkPopup\");\n            const popupContent = document.getElementById(\"rolunkPopupContent\");\n\n            document.querySelectorAll(\".rolunk-item\").forEach(item => {\n                item.addEventListener(\"click\", () => {\n\n                    let title = item.dataset.title || '';\n                    let hidden = item.querySelector('.rolunk-hidden-content');\n                    let inner = hidden ? hidden.innerHTML : '';\n\n                    let tempDiv = document.createElement(\"div\");\n                    tempDiv.innerHTML = inner;\n\n                    let svgEl = tempDiv.querySelector(\"img.popup-svg\");\n                    let svgHTML = svgEl ? svgEl.outerHTML : \"\";\n                    if (svgEl) svgEl.remove();\n\n                    let textHTML = tempDiv.innerHTML;\n\n                    popupContent.innerHTML = svgHTML + \"<h2>\" + title + \"<\/h2>\" + textHTML;\n\n                    popup.style.display = \"block\";\n                });\n            });\n\n            popup.addEventListener(\"click\", (e) => {\n                if (e.target === popup) {\n                    popup.style.display = \"none\";\n                }\n            });\n        });\n    <\/script>","protected":false},"excerpt":{"rendered":"","protected":false},"author":1,"featured_media":784,"parent":0,"menu_order":0,"comment_status":"closed","ping_status":"closed","template":"","meta":{"footnotes":""},"class_list":["post-11","page","type-page","status-publish","has-post-thumbnail","hentry"],"_links":{"self":[{"href":"https:\/\/gelartorosa.com\/en\/wp-json\/wp\/v2\/pages\/11","targetHints":{"allow":["GET"]}}],"collection":[{"href":"https:\/\/gelartorosa.com\/en\/wp-json\/wp\/v2\/pages"}],"about":[{"href":"https:\/\/gelartorosa.com\/en\/wp-json\/wp\/v2\/types\/page"}],"author":[{"embeddable":true,"href":"https:\/\/gelartorosa.com\/en\/wp-json\/wp\/v2\/users\/1"}],"replies":[{"embeddable":true,"href":"https:\/\/gelartorosa.com\/en\/wp-json\/wp\/v2\/comments?post=11"}],"version-history":[{"count":74,"href":"https:\/\/gelartorosa.com\/en\/wp-json\/wp\/v2\/pages\/11\/revisions"}],"predecessor-version":[{"id":729,"href":"https:\/\/gelartorosa.com\/en\/wp-json\/wp\/v2\/pages\/11\/revisions\/729"}],"wp:featuredmedia":[{"embeddable":true,"href":"https:\/\/gelartorosa.com\/en\/wp-json\/wp\/v2\/media\/784"}],"wp:attachment":[{"href":"https:\/\/gelartorosa.com\/en\/wp-json\/wp\/v2\/media?parent=11"}],"curies":[{"name":"wp","href":"https:\/\/api.w.org\/{rel}","templated":true}]}}